{"id":11,"date":"2022-02-12T10:58:48","date_gmt":"2022-02-12T10:58:48","guid":{"rendered":"http:\/\/hoteljanne.lv\/de\/?page_id=11"},"modified":"2022-10-13T14:54:55","modified_gmt":"2022-10-13T14:54:55","slug":"raeume","status":"publish","type":"page","link":"https:\/\/hoteljanne.lv\/de\/raeume\/","title":{"rendered":"R\u00e4ume"},"content":{"rendered":"\n\t<!--Card image-->\n\t\t\t\t\t\t\t\t<a href=\"http:\/\/hoteljanne.lv\/de\/accommodation\/standardnummer\/\" target=\"_self\" itemprop=\"url\" rel=\"noopener noreferrer\">\n\t\t\t\t<img decoding=\"async\" src=\"http:\/\/hoteljanne.lv\/de\/wp-content\/uploads\/sites\/6\/2022\/09\/Baltic-Pictures-WEB-4592-min-1024x682-1.jpg\" alt=\"Baltic-Pictures-WEB-4592-min-1024x682\" itemprop=\"image\"  \/>\n\t\t\t\t<\/a>\n\t<!--\/.Card image-->\n\t<!--Card content-->\n\t\t<!--Title-->\n\t\t<h4>STANDARDNUMMER<\/h4>\n\t\t<!--\/.Title-->\t\n\t\t\t<!--Text-->\n\t\t\t\t<p>Zur Auswahl der G\u00e4ste bieten wir Einzel- oder Doppelzimmer mit einem gro\u00dfen Bett oder Standard-Doppelzimmer mit zwei Einzelbetten an, die in einem elegant einfachen Stil mit verschiedenen dekorativen&#8230;<\/p>\t\t\t\n\t\t\t<!--\/.Text-->\t\n\t\t\t<!--Link--> \n\t\t\t\t\t\t<a href=\"http:\/\/hoteljanne.lv\/de\/accommodation\/standardnummer\/\" target=\"_self\" rel=\"noopener noreferrer\">\n\t\t\t\tInformation\n\t\t\t<\/a>\t\n\t\t\t\t<!--\/.Link-->\n\t<!--\/.Card content-->\n\t<!--Card image-->\n\t\t\t\t\t\t\t\t<a href=\"http:\/\/hoteljanne.lv\/de\/accommodation\/familiennummer\/\" target=\"_self\" itemprop=\"url\" rel=\"noopener noreferrer\">\n\t\t\t\t<img decoding=\"async\" src=\"http:\/\/hoteljanne.lv\/de\/wp-content\/uploads\/sites\/6\/2022\/09\/2.jpg\" alt=\"2\" itemprop=\"image\"  \/>\n\t\t\t\t<\/a>\n\t<!--\/.Card image-->\n\t<!--Card content-->\n\t\t<!--Title-->\n\t\t<h4>FAMILIENNUMMER<\/h4>\n\t\t<!--\/.Title-->\t\n\t\t\t<!--Text-->\n\t\t\t\t<p>G\u00e4ste, die mit der Familie oder einer kleinen Gruppe von Freunden reisen, k\u00f6nnen gemeinsam die Vorteile des Familienzimmers des Hotels nutzen. In einem gem\u00fctlichen und ger\u00e4umigen Zimmer&#8230;<\/p>\t\t\t\n\t\t\t<!--\/.Text-->\t\n\t\t\t<!--Link--> \n\t\t\t\t\t\t<a href=\"http:\/\/hoteljanne.lv\/de\/accommodation\/familiennummer\/\" target=\"_self\" rel=\"noopener noreferrer\">\n\t\t\t\tInformation\n\t\t\t<\/a>\t\n\t\t\t\t<!--\/.Link-->\n\t<!--\/.Card content-->\n\t<!--Card image-->\n\t\t\t\t\t\t\t\t<a href=\"http:\/\/hoteljanne.lv\/de\/accommodation\/luxusnummer\/\" target=\"_self\" itemprop=\"url\" rel=\"noopener noreferrer\">\n\t\t\t\t<img decoding=\"async\" src=\"http:\/\/hoteljanne.lv\/de\/wp-content\/uploads\/sites\/6\/2022\/09\/maazaks-1.jpg\" alt=\"Luks\" itemprop=\"image\"  \/>\n\t\t\t\t<\/a>\n\t<!--\/.Card image-->\n\t<!--Card content-->\n\t\t<!--Title-->\n\t\t<h4>LUXUSNUMMER<\/h4>\n\t\t<!--\/.Title-->\t\n\t\t\t<!--Text-->\n\t\t\t\t<p>Eine Besonderheit des Hotels ist das Deluxe Zimmer mit seiner antiken Atmosph\u00e4re. Die Ger\u00e4umigkeit des Zimmers mit der unverputzten Backsteinmauer des Geb\u00e4udes, restaurierten M\u00f6beln&#8230;<\/p>\t\t\t\n\t\t\t<!--\/.Text-->\t\n\t\t\t<!--Link--> \n\t\t\t\t\t\t<a href=\"http:\/\/hoteljanne.lv\/de\/accommodation\/luxusnummer\/\" target=\"_self\" rel=\"noopener noreferrer\">\n\t\t\t\tInformation\n\t\t\t<\/a>\t\n\t\t\t\t<!--\/.Link-->\n\t<!--\/.Card content-->\n","protected":false},"excerpt":{"rendered":"<p>STANDARDNUMMER Zur Auswahl der G\u00e4ste bieten wir Einzel- oder Doppelzimmer mit einem gro\u00dfen Bett oder Standard-Doppelzimmer mit zwei Einzelbetten an, die in einem elegant einfachen <\/p>\n<p><a href=\"https:\/\/hoteljanne.lv\/de\/raeume\/\" class=\"button2\">Read More &raquo;<\/a><\/p>\n","protected":false},"author":4,"featured_media":0,"parent":0,"menu_order":0,"comment_status":"closed","ping_status":"closed","template":"","meta":{"footnotes":""},"class_list":["post-11","page","type-page","status-publish","hentry"],"aioseo_notices":[],"_links":{"self":[{"href":"https:\/\/hoteljanne.lv\/de\/wp-json\/wp\/v2\/pages\/11","targetHints":{"allow":["GET"]}}],"collection":[{"href":"https:\/\/hoteljanne.lv\/de\/wp-json\/wp\/v2\/pages"}],"about":[{"href":"https:\/\/hoteljanne.lv\/de\/wp-json\/wp\/v2\/types\/page"}],"author":[{"embeddable":true,"href":"https:\/\/hoteljanne.lv\/de\/wp-json\/wp\/v2\/users\/4"}],"replies":[{"embeddable":true,"href":"https:\/\/hoteljanne.lv\/de\/wp-json\/wp\/v2\/comments?post=11"}],"version-history":[{"count":11,"href":"https:\/\/hoteljanne.lv\/de\/wp-json\/wp\/v2\/pages\/11\/revisions"}],"predecessor-version":[{"id":366,"href":"https:\/\/hoteljanne.lv\/de\/wp-json\/wp\/v2\/pages\/11\/revisions\/366"}],"wp:attachment":[{"href":"https:\/\/hoteljanne.lv\/de\/wp-json\/wp\/v2\/media?parent=11"}],"curies":[{"name":"wp","href":"https:\/\/api.w.org\/{rel}","templated":true}]}}