{"id":13,"date":"2022-02-12T10:58:48","date_gmt":"2022-02-12T10:58:48","guid":{"rendered":"http:\/\/hoteljanne.lv\/de\/?page_id=13"},"modified":"2022-09-16T15:21:28","modified_gmt":"2022-09-16T15:21:28","slug":"studenten","status":"publish","type":"page","link":"https:\/\/hoteljanne.lv\/de\/studenten\/","title":{"rendered":"Langfristiges leben f\u00fcr Studenten"},"content":{"rendered":"\n\tWillkommen, Studieninteressierte!<br \/>\nWenn Sie eine aktuelle Unterkunft f\u00fcr all Ihre Studien haben, bietet unser gem\u00fctliches Hotel JANNE je nach Ihren M\u00f6glichkeiten verschiedene M\u00f6glichkeiten. Das Hotel liegt g\u00fcnstig f\u00fcr gro\u00dfe Universit\u00e4ten, die sowohl mit \u00f6ffentlichen Verkehrsmitteln als auch zu Fu\u00df leicht und bequem zu erreichen sind.\n<div class=\"clearfix\"><div class=\"one-third\">\n<a href=\"http:\/\/hoteljanne.lv\/de\/einzelzimmer-mit-kueche\/\"><img loading=\"lazy\" decoding=\"async\" src=\"http:\/\/hoteljanne.lv\/wp-content\/uploads\/2015\/05\/4622-300x200.jpg\" alt=\"\" width=\"300\" height=\"200\" \/><\/a>\n<h3>Einzelzimmer mit k\u00fcche<\/h3>\n<p><a href=\"http:\/\/hoteljanne.lv\/de\/einzelzimmer-mit-kueche\/\">Information \u00bb<\/a><\/p>\n<\/div><div class=\"one-third\">\n<a href=\"http:\/\/hoteljanne.lv\/de\/doppelzimmer-mit-kueche\/\"><img loading=\"lazy\" decoding=\"async\" src=\"http:\/\/hoteljanne.lv\/wp-content\/uploads\/2019\/01\/Baltic-Pictures-9953.jpg\" alt=\"\" width=\"300\" height=\"200\" \/><\/a>\n<h3>Doppelzimmer mit k\u00fcche<\/h3>\n<p><a href=\"http:\/\/hoteljanne.lv\/de\/doppelzimmer-mit-kueche\/\">Information \u00bb<\/a><\/p>\n<\/div><div class=\"one-third last-col\">\n<a href=\"http:\/\/hoteljanne.lv\/de\/apartment\/\"><img loading=\"lazy\" decoding=\"async\" src=\"http:\/\/hoteljanne.lv\/wp-content\/uploads\/2015\/04\/IMG_1666-min-300x200.jpg\" alt=\"\" width=\"300\" height=\"200\" \/><\/a>\n<h3>Apartment<\/h3>\n<p><a href=\"http:\/\/hoteljanne.lv\/de\/apartment\/\">Information \u00bb<\/a><\/p>\n<\/div><\/div>\nWir freuen uns auf Ihre Anrufe und E-Mails:<br \/>\nTel. +371 26988869<br \/>\nE-Mail: <a href=\"mailto:info@hoteljanne.lv\">info@hoteljanne.lv<\/a>\n","protected":false},"excerpt":{"rendered":"<p>Willkommen, Studieninteressierte! Wenn Sie eine aktuelle Unterkunft f\u00fcr all Ihre Studien haben, bietet unser gem\u00fctliches Hotel JANNE je nach Ihren M\u00f6glichkeiten verschiedene M\u00f6glichkeiten. Das Hotel <\/p>\n<p><a href=\"https:\/\/hoteljanne.lv\/de\/studenten\/\" class=\"button2\">Read More &raquo;<\/a><\/p>\n","protected":false},"author":4,"featured_media":0,"parent":0,"menu_order":0,"comment_status":"closed","ping_status":"closed","template":"","meta":{"footnotes":""},"class_list":["post-13","page","type-page","status-publish","hentry"],"aioseo_notices":[],"_links":{"self":[{"href":"https:\/\/hoteljanne.lv\/de\/wp-json\/wp\/v2\/pages\/13","targetHints":{"allow":["GET"]}}],"collection":[{"href":"https:\/\/hoteljanne.lv\/de\/wp-json\/wp\/v2\/pages"}],"about":[{"href":"https:\/\/hoteljanne.lv\/de\/wp-json\/wp\/v2\/types\/page"}],"author":[{"embeddable":true,"href":"https:\/\/hoteljanne.lv\/de\/wp-json\/wp\/v2\/users\/4"}],"replies":[{"embeddable":true,"href":"https:\/\/hoteljanne.lv\/de\/wp-json\/wp\/v2\/comments?post=13"}],"version-history":[{"count":12,"href":"https:\/\/hoteljanne.lv\/de\/wp-json\/wp\/v2\/pages\/13\/revisions"}],"predecessor-version":[{"id":324,"href":"https:\/\/hoteljanne.lv\/de\/wp-json\/wp\/v2\/pages\/13\/revisions\/324"}],"wp:attachment":[{"href":"https:\/\/hoteljanne.lv\/de\/wp-json\/wp\/v2\/media?parent=13"}],"curies":[{"name":"wp","href":"https:\/\/api.w.org\/{rel}","templated":true}]}}