{"id":14,"date":"2022-02-12T10:58:48","date_gmt":"2022-02-12T10:58:48","guid":{"rendered":"http:\/\/hoteljanne.lv\/de\/?page_id=14"},"modified":"2024-12-10T13:47:23","modified_gmt":"2024-12-10T13:47:23","slug":"zusammenarbeit","status":"publish","type":"page","link":"https:\/\/hoteljanne.lv\/de\/zusammenarbeit\/","title":{"rendered":"Zusammenarbeit"},"content":{"rendered":"\n\t\t\t\t<a href=\"https:\/\/www.airbaltic.com\" target=\"_blank\" rel=\"noopener\" itemprop=\"url\">\n\t\t\t\t<img decoding=\"async\" src=\"http:\/\/hoteljanne.lv\/de\/wp-content\/uploads\/sites\/6\/2022\/02\/Airbaltic-logo.png\" alt=\"Airbaltic-logo\" itemprop=\"image\" title=\"Airbaltic-logo\" onerror=\"this.style.display='none'\"  \/>\n\t\t\t\t<\/a>\n\t<p>F\u00fcr komfortable und sichere Fl\u00fcge w\u00e4hlen Sie airBaltic!<\/p>\n\t\t\t\t<a href=\"https:\/\/redcab.lv\/redcab\/\" target=\"_blank\" rel=\"noopener\" itemprop=\"url\">\n\t\t\t\t<img decoding=\"async\" src=\"http:\/\/hoteljanne.lv\/de\/wp-content\/uploads\/sites\/6\/2022\/02\/redcab_logo_bilde.jpg\" alt=\"redcab_logo_bilde\" itemprop=\"image\" title=\"redcab_logo_bilde\" onerror=\"this.style.display='none'\"  \/>\n\t\t\t\t<\/a>\n\t<p>Red Cab &#8211; sihere und zuverl\u00e4ssige Taxis 24 Stunden am Tag!<\/p>\n\t<hr \/>\n<p>&nbsp;<\/p>\n\t\t\t\t<a href=\"http:\/\/www.academicguesthouse.com\/\" target=\"_blank\" rel=\"noopener\" itemprop=\"url\">\n\t\t\t\t<img decoding=\"async\" src=\"http:\/\/hoteljanne.lv\/de\/wp-content\/uploads\/sites\/6\/2022\/09\/RAGH-logo.gif\" alt=\"RAGH logo\" itemprop=\"image\" title=\"RAGH logo\" onerror=\"this.style.display='none'\"  \/>\n\t\t\t\t<\/a>\n\t<p>Bist du Student? Sie finden gem\u00fctliche Apartments im Riga Academic Guest House!<\/p>\n\t\t\t\t<a href=\"https:\/\/www.tripadvisor.com\/Hotel_Review-g274967-d6982176-Reviews-Hotel_Janne-Riga_Riga_Region.html\" target=\"_blank\" rel=\"noopener\" itemprop=\"url\">\n\t\t\t\t<img decoding=\"async\" src=\"http:\/\/hoteljanne.lv\/de\/wp-content\/uploads\/sites\/6\/2022\/09\/TC_2020_L_GREEN_BG_RGB.png\" alt=\"TC_2020_L_GREEN_BG_RGB\" itemprop=\"image\" title=\"TC_2020_L_GREEN_BG_RGB\" onerror=\"this.style.display='none'\"  \/>\n\t\t\t\t<\/a>\n\t<p>TripAdvisor-Reisende w\u00e4hlen das Hotel Janne!<\/p>\n\t<hr \/>\n<p>&nbsp;<\/p>\n\t\t\t\t<a href=\"http:\/\/www.strops.lv\/\" target=\"_blank\" rel=\"noopener\" itemprop=\"url\">\n\t\t\t\t<img decoding=\"async\" src=\"http:\/\/hoteljanne.lv\/de\/wp-content\/uploads\/sites\/6\/2022\/09\/bi\u0161kop\u012bbas_biedr\u012bba.jpg\" alt=\"bi\u0161kop\u012bbas_biedr\u012bba\" itemprop=\"image\" title=\"bi\u0161kop\u012bbas_biedr\u012bba\" onerror=\"this.style.display='none'\"  \/>\n\t\t\t\t<\/a>\n\t<p>Lettischer Imkerverband &#8211; unterst\u00fctzt die st\u00e4dtische Imkerei!<\/p>\n\t\t\t\t<a href=\"https:\/\/www.davanusala.lv\/lv\/s\/3198-hotel-janne\" target=\"_blank\" rel=\"noopener\" itemprop=\"url\">\n\t\t\t\t<img decoding=\"async\" src=\"http:\/\/hoteljanne.lv\/de\/wp-content\/uploads\/sites\/6\/2022\/12\/DavanuSala.png\" alt=\"DavanuSala\" itemprop=\"image\" title=\"DavanuSala\" onerror=\"this.style.display='none'\"  \/>\n\t\t\t\t<\/a>\n\t<p>Tolle Geschenkkarten an einem Ort!<\/p>\n\t<hr \/>\n<p>&nbsp;<\/p>\n\t\t\t\t<a href=\"https:\/\/www.etsy.com\/shop\/Marumakids\" target=\"_blank\" rel=\"noopener\" itemprop=\"url\">\n\t\t\t\t<img decoding=\"async\" src=\"http:\/\/hoteljanne.lv\/de\/wp-content\/uploads\/sites\/6\/2022\/09\/marumakids_logo.png\" alt=\"marumakids_logo\" itemprop=\"image\" title=\"marumakids_logo\" onerror=\"this.style.display='none'\"  \/>\n\t\t\t\t<\/a>\n\t<p>Marumakids &#8211; Kinderkleidung f\u00fcr allt\u00e4gliche und besondere Anl\u00e4sse!<\/p>\n\t\t\t\t<a href=\"http:\/\/dollart.lv\/\" target=\"_blank\" rel=\"noopener\" itemprop=\"url\">\n\t\t\t\t<img decoding=\"async\" src=\"http:\/\/hoteljanne.lv\/de\/wp-content\/uploads\/sites\/6\/2022\/09\/Muzejs_logo_BW.jpg\" alt=\"Muzejs_logo_BW_c\" itemprop=\"image\" title=\"Muzejs_logo_BW_c\" onerror=\"this.style.display='none'\"  \/>\n\t\t\t\t<\/a>\n\t<p>Sie verfolgen auch die Wanderausstellungen des Puppenmuseum in Lettland und Europa!<\/p>\n\t<hr \/>\n<p>&nbsp;<\/p>\n\t\t\t\t<a href=\"https:\/\/www.traveller.ee\/\" target=\"_self\" itemprop=\"url\" rel=\"noopener\">\n\t\t\t\t<img decoding=\"async\" src=\"http:\/\/hoteljanne.lv\/de\/wp-content\/uploads\/sites\/6\/2022\/09\/Traveller-Tours.png\" alt=\"Traveller Tours\" itemprop=\"image\" title=\"Traveller Tours\" onerror=\"this.style.display='none'\"  \/>\n\t\t\t\t<\/a>\n\t<p>Reisen Sie gerne? Nehmen Sie an einer der von Traveller Tours organisierten Touren teil!<\/p>\n\t\t\t\t<a href=\"https:\/\/viesnicupreces.lv\/lv\/sakums\/\" target=\"_blank\" rel=\"noopener\" itemprop=\"url\">\n\t\t\t\t<img decoding=\"async\" src=\"http:\/\/hoteljanne.lv\/de\/wp-content\/uploads\/sites\/6\/2022\/09\/Aviro.jpg\" alt=\"Aviro\" itemprop=\"image\" title=\"Aviro\" onerror=\"this.style.display='none'\"  \/>\n\t\t\t\t<\/a>\n\t<p>Janne w\u00e4hlt Qualit\u00e4tsprodukte f\u00fcr das Hotel von Aviro!<\/p>\n\t<hr \/>\n<p>&nbsp;<\/p>\n\t\t\t\t<a href=\"http:\/\/www.cfca.lv\/\" target=\"_blank\" rel=\"noopener\" itemprop=\"url\">\n\t\t\t\t<img decoding=\"async\" src=\"http:\/\/hoteljanne.lv\/de\/wp-content\/uploads\/sites\/6\/2022\/09\/CFCA.jpg\" alt=\"CFCA\" itemprop=\"image\" title=\"CFCA\" onerror=\"this.style.display='none'\"  \/>\n\t\t\t\t<\/a>\n\t<p>Der Verein der Klubs der Katzenliebhaber (CFCA) empfiehlt ein haustierfreundliches Hotel!<\/p>\n\t\t\t\t<a href=\"http:\/\/www.miegacentrs.lv\/lv\" target=\"_blank\" rel=\"noopener\" itemprop=\"url\">\n\t\t\t\t<img decoding=\"async\" src=\"http:\/\/hoteljanne.lv\/de\/wp-content\/uploads\/sites\/6\/2022\/09\/Miega-centrs.png\" alt=\"Miega centrs\" itemprop=\"image\" title=\"Miega centrs\" onerror=\"this.style.display='none'\"  \/>\n\t\t\t\t<\/a>\n\t<p>Zentrum f\u00fcr Schlafkrankheiten<em> (\u201cMiega Slim\u012bbu Centrs\u201d) <\/em>ist f\u00fcr ein erf\u00fclltes und aktives Leben ohne Schlafapnoe!<\/p>\n\t<hr \/>\n<p>&nbsp;<\/p>\n\t\t\t\t<a href=\"http:\/\/www.turiba.lv\/lv\/\" target=\"_blank\" rel=\"noopener\" itemprop=\"url\">\n\t\t\t\t<img decoding=\"async\" src=\"http:\/\/hoteljanne.lv\/de\/wp-content\/uploads\/sites\/6\/2022\/09\/TURIBA_logo_horiz_ENG.png\" alt=\"TURIBA_logo_horiz_ENG\" itemprop=\"image\" title=\"TURIBA_logo_horiz_ENG\" onerror=\"this.style.display='none'\"  \/>\n\t\t\t\t<\/a>\n\t<p>Business Administration Hochschule Tur\u012bba &#8211; die gr\u00f6\u00dfte private Hochschule im Baltikum!<\/p>\n\t\t\t\t<a href=\"https:\/\/mcollege.eu\/business-administration-riga-management-college\" target=\"_blank\" rel=\"noopener\" itemprop=\"url\">\n\t\t\t\t<img decoding=\"async\" src=\"http:\/\/hoteljanne.lv\/de\/wp-content\/uploads\/sites\/6\/2022\/12\/rmc_logo_en_l_nobg_small-150x150.png\" alt=\"rmc_logo_en_l_nobg_small\" itemprop=\"image\" title=\"rmc_logo_en_l_nobg_small\" onerror=\"this.style.display='none'\"  \/>\n\t\t\t\t<\/a>\n\t<p>Kurzfristiges Hochschulstudium in nur 2,5 Jahren.<\/p>\n\t<hr \/>\n<p>&nbsp;<\/p>\n\t\t\t\t<a href=\"https:\/\/tsi.lv\/\" target=\"_blank\" rel=\"noopener\" itemprop=\"url\">\n\t\t\t\t<img decoding=\"async\" src=\"http:\/\/hoteljanne.lv\/de\/wp-content\/uploads\/sites\/6\/2024\/12\/tsi_logo_en_blue.jpg\" alt=\"tsi_logo_en_blue\" itemprop=\"image\" title=\"tsi_logo_en_blue\" onerror=\"this.style.display='none'\"  \/>\n\t\t\t\t<\/a>\n\t<p>Studieren Sie an der besten privaten technischen Universit\u00e4t Lettlands!<\/p>\n\t\t\t\t<a href=\"https:\/\/www.facebook.com\/volvolatvia\/\" target=\"_blank\" rel=\"noopener\" itemprop=\"url\">\n\t\t\t\t<img decoding=\"async\" src=\"http:\/\/hoteljanne.lv\/de\/wp-content\/uploads\/sites\/6\/2022\/09\/Volvo.jpg\" alt=\"Volvo\" itemprop=\"image\" title=\"Volvo\" onerror=\"this.style.display='none'\"  \/>\n\t\t\t\t<\/a>\n\t<p>Alle Mitgliedsstra\u00dfen des lettischen Volvo-Verbandes f\u00fchren zu Janne!<\/p>\n\t<hr \/>\n<p>&nbsp;<\/p>\n\t\t\t\t<a href=\"https:\/\/www.latviafreetours.com\/\" target=\"_blank\" rel=\"noopener\" itemprop=\"url\">\n\t\t\t\t<img decoding=\"async\" src=\"http:\/\/hoteljanne.lv\/de\/wp-content\/uploads\/sites\/6\/2023\/01\/freetours.jpg\" alt=\"freetours\" itemprop=\"image\" title=\"freetours\" onerror=\"this.style.display='none'\"  \/>\n\t\t\t\t<\/a>\n\t<p>Kommen Sie und nehmen Sie an den informativen und unterhaltsamen Touren mit Latvia Free Tours!<\/p>\n\t\t\t\t<a href=\"https:\/\/wolt.com\/lv\" target=\"_blank\" rel=\"noopener\" itemprop=\"url\">\n\t\t\t\t<img decoding=\"async\" src=\"http:\/\/hoteljanne.lv\/de\/wp-content\/uploads\/sites\/6\/2022\/09\/wolt.jpg\" alt=\"wolt\" itemprop=\"image\" title=\"wolt\" onerror=\"this.style.display='none'\"  \/>\n\t\t\t\t<\/a>\n\t<p>Hungrig? Wolt! Finden Sie die leckersten Ideen f\u00fcr eine Mahlzeit in Riga.<\/p>\n\t<hr \/>\n<p>&nbsp;<\/p>\n","protected":false},"excerpt":{"rendered":"<p>F\u00fcr komfortable und sichere Fl\u00fcge w\u00e4hlen Sie airBaltic! Red Cab &#8211; sihere und zuverl\u00e4ssige Taxis 24 Stunden am Tag! &nbsp; Bist du Student? Sie finden <\/p>\n<p><a href=\"https:\/\/hoteljanne.lv\/de\/zusammenarbeit\/\" class=\"button2\">Read More &raquo;<\/a><\/p>\n","protected":false},"author":4,"featured_media":0,"parent":0,"menu_order":0,"comment_status":"closed","ping_status":"closed","template":"","meta":{"footnotes":""},"class_list":["post-14","page","type-page","status-publish","hentry"],"aioseo_notices":[],"_links":{"self":[{"href":"https:\/\/hoteljanne.lv\/de\/wp-json\/wp\/v2\/pages\/14","targetHints":{"allow":["GET"]}}],"collection":[{"href":"https:\/\/hoteljanne.lv\/de\/wp-json\/wp\/v2\/pages"}],"about":[{"href":"https:\/\/hoteljanne.lv\/de\/wp-json\/wp\/v2\/types\/page"}],"author":[{"embeddable":true,"href":"https:\/\/hoteljanne.lv\/de\/wp-json\/wp\/v2\/users\/4"}],"replies":[{"embeddable":true,"href":"https:\/\/hoteljanne.lv\/de\/wp-json\/wp\/v2\/comments?post=14"}],"version-history":[{"count":15,"href":"https:\/\/hoteljanne.lv\/de\/wp-json\/wp\/v2\/pages\/14\/revisions"}],"predecessor-version":[{"id":384,"href":"https:\/\/hoteljanne.lv\/de\/wp-json\/wp\/v2\/pages\/14\/revisions\/384"}],"wp:attachment":[{"href":"https:\/\/hoteljanne.lv\/de\/wp-json\/wp\/v2\/media?parent=14"}],"curies":[{"name":"wp","href":"https:\/\/api.w.org\/{rel}","templated":true}]}}