{"id":17,"date":"2022-02-12T10:58:48","date_gmt":"2022-02-12T10:58:48","guid":{"rendered":"http:\/\/hoteljanne.lv\/de\/?page_id=17"},"modified":"2022-09-15T13:58:43","modified_gmt":"2022-09-15T13:58:43","slug":"vom-flughafen-riga","status":"publish","type":"page","link":"https:\/\/hoteljanne.lv\/de\/vom-flughafen-riga\/","title":{"rendered":"Vom Flughafen Riga"},"content":{"rendered":"\n<h3 class=\"wp-block-heading\">Mit dem Auto:<\/h3>\n\n\n\n<p>Verwenden Sie die Karte Flughafen Riga &#8211; Hotel &#8222;JANNE&#8220;<\/p>\n\n\n<style type=\"text\/css\" id=\"umsMapStyles_1_64695\">\n    #ultimate_maps_1_64695 {\n        width: 100%;\n        height: 250px;\n                border: 0px solid ;\n        margin: 0px;\n    }\n    #mapsControlsNum_1_64695 {\n        width:100%    }\n    .umsMapDetailsContainer#umsMapDetailsContainer_1_64695 {\n        height:250px;\n    }\n    .ums_MapPreview#ultimate_maps_1_64695 {\n        \/*position:absolute;*\/\n        width:100%;\n    }\n    #mapConElem_1_64695{\n        width:100%    }\n    <\/style><div class=\"ums_map_opts\" id=\"mapConElem_1_64695\" data-id=\"1\" data-view-id=\"1_64695\" > <div class=\"umsMapDetailsContainer\" id=\"umsMapDetailsContainer_1_64695\"> <i class=\"umsKMLLayersPreloader fa fa-spinner fa-spin\" aria-hidden=\"true\" style=\"display: none;\"><\/i> <div class=\"ums_MapPreview \" id=\"ultimate_maps_1_64695\"><\/div> <\/div> <div class=\"umsMapMarkerFilters\" id=\"umsMapMarkerFilters_1_64695\"> <\/div> <div class=\"umsMapProControlsCon\" id=\"umsMapProControlsCon_1_64695\"> <a title=\"Google Maps Wordpress\" style=\"display:none;\" href=\"https:\/\/supsystic.com\/plugins\/google-maps-plugin\/?utm_medium=love_link_hide\" target=\"_blank\">Google Maps Wordpress<\/a><div style=\"clear: both;\"><\/div> <\/div> <div class=\"umsMapProDirectionsCon\" id=\"umsMapProDirectionsCon_1_64695\" > <\/div> <div class=\"umsMapProKmlFilterCon\" id=\"umsMapProKmlFilterCon_1_64695\" > <\/div> <div class=\"umsSocialSharingShell umsSocialSharingShell_1_64695\"> <\/div> <div style=\"clear: both;\"><\/div> <\/div>\n\n\n\n<h3 class=\"wp-block-heading\">Mit dem Taxi: <\/h3>\n\n\n\n<p> Wir bieten an, Transferservices bei uns zu bestellen.  <\/p>\n\n\n\n<h3 class=\"wp-block-heading\">Mit \u00f6ffentlichen Verkehrsmitteln &#8211; Bus Nr. 22: <\/h3>\n\n\n\n<p>Das Einsteigen am Flughafen erfolgt an der Bushaltestelle gegen\u00fcber dem Flughafengeb\u00e4ude hinter dem Parkplatz P1. Der Bus f\u00e4hrt alle 10-30 Minuten. Fahrzeit ca. 15 min. Steigen Sie an der Haltestelle &#8222;Melnsila Street&#8220; aus, die sich in der Kalnciema Street befindet. Dann m\u00fcssen Sie bis zur Haltestelle &#8222;Melnsila iela&#8220; gehen, die sich in der &#8222;Melnsila iela&#8220; befindet, und den Bus Nr. 46 bis zur Haltestelle &#8222;Tukuma iela&#8220; nehmen. Fahrzeit ca. 5 min. Dann gehen Sie zum Hotel JANNE 2 min.<\/p>\n\n\n\n<p>Zus\u00e4tzliche Informationen: <a href=\"https:\/\/www.rigassatiksme.lv\/en\/\" target=\"_blank\" rel=\"noreferrer noopener\" aria-label=\"www.rigassatiksme.lv (opens in a new tab)\">www.rigassatiksme.lv<\/a> oder <a href=\"http:\/\/www.riga-airport.com\/\" target=\"_blank\" rel=\"noreferrer noopener\" aria-label=\"www.riga-airport.com (opens in a new tab)\">www.riga-airport.com<\/a><\/p>\n","protected":false},"excerpt":{"rendered":"<p>Mit dem Auto: Verwenden Sie die Karte Flughafen Riga &#8211; Hotel &#8222;JANNE&#8220; Mit dem Taxi: Wir bieten an, Transferservices bei uns zu bestellen. Mit \u00f6ffentlichen <\/p>\n<p><a href=\"https:\/\/hoteljanne.lv\/de\/vom-flughafen-riga\/\" class=\"button2\">Read More &raquo;<\/a><\/p>\n","protected":false},"author":4,"featured_media":0,"parent":0,"menu_order":0,"comment_status":"closed","ping_status":"closed","template":"","meta":{"footnotes":""},"class_list":["post-17","page","type-page","status-publish","hentry"],"aioseo_notices":[],"_links":{"self":[{"href":"https:\/\/hoteljanne.lv\/de\/wp-json\/wp\/v2\/pages\/17","targetHints":{"allow":["GET"]}}],"collection":[{"href":"https:\/\/hoteljanne.lv\/de\/wp-json\/wp\/v2\/pages"}],"about":[{"href":"https:\/\/hoteljanne.lv\/de\/wp-json\/wp\/v2\/types\/page"}],"author":[{"embeddable":true,"href":"https:\/\/hoteljanne.lv\/de\/wp-json\/wp\/v2\/users\/4"}],"replies":[{"embeddable":true,"href":"https:\/\/hoteljanne.lv\/de\/wp-json\/wp\/v2\/comments?post=17"}],"version-history":[{"count":13,"href":"https:\/\/hoteljanne.lv\/de\/wp-json\/wp\/v2\/pages\/17\/revisions"}],"predecessor-version":[{"id":210,"href":"https:\/\/hoteljanne.lv\/de\/wp-json\/wp\/v2\/pages\/17\/revisions\/210"}],"wp:attachment":[{"href":"https:\/\/hoteljanne.lv\/de\/wp-json\/wp\/v2\/media?parent=17"}],"curies":[{"name":"wp","href":"https:\/\/api.w.org\/{rel}","templated":true}]}}