{"id":279,"date":"2022-09-16T11:43:20","date_gmt":"2022-09-16T11:43:20","guid":{"rendered":"http:\/\/hoteljanne.lv\/de\/?page_id=279"},"modified":"2025-01-28T09:25:28","modified_gmt":"2025-01-28T09:25:28","slug":"willkommen-im-hotel","status":"publish","type":"page","link":"https:\/\/hoteljanne.lv\/de\/willkommen-im-hotel\/","title":{"rendered":"Willkommen im Hotel"},"content":{"rendered":"\n\t\n\t<div class=\"slideshow_container slideshow_container_style-light\" style=\"height: 613px; \" data-slideshow-id=\"170\" data-style-name=\"style-light\" data-style-version=\"2.3.1\" >\n\n\t\t\t\t\t<div class=\"slideshow_loading_icon\"><\/div>\n\t\t\n\t\t<div class=\"slideshow_content\" style=\"display: none;\">\n\n\t\t\t<div class=\"slideshow_view\">\n\t\t\t\t<div class=\"slideshow_slide slideshow_slide_image\">\n\t\t\t\t\t\t\t\t\t\t\t<img src=\"https:\/\/hoteljanne.lv\/de\/wp-content\/uploads\/sites\/6\/2022\/09\/maazaks-1.jpg\" alt=\"Luks\" width=\"1276\" height=\"847\" \/>\n\t\t\t\t\t\t\t\t\t\t<div class=\"slideshow_description_box slideshow_transparent\">\n\t\t\t\t\t\t<div class=\"slideshow_title\">Luks<\/div>\t\t\t\t\t\t\t\t\t\t\t<\/div>\n\t\t\t\t<\/div>\n\n\t\t\t\t\t\t<div style=\"clear: both;\"><\/div><\/div><div class=\"slideshow_view\">\n\t\t\t\t<div class=\"slideshow_slide slideshow_slide_image\">\n\t\t\t\t\t\t\t\t\t\t\t<img src=\"https:\/\/hoteljanne.lv\/de\/wp-content\/uploads\/sites\/6\/2022\/09\/4738_hoteljanne-1024x683-1.jpg\" alt=\"4738_hoteljanne-1024x683\" width=\"1024\" height=\"683\" \/>\n\t\t\t\t\t\t\t\t\t\t<div class=\"slideshow_description_box slideshow_transparent\">\n\t\t\t\t\t\t<div class=\"slideshow_title\">4738_hoteljanne-1024x683<\/div>\t\t\t\t\t\t\t\t\t\t\t<\/div>\n\t\t\t\t<\/div>\n\n\t\t\t\t\t\t<div style=\"clear: both;\"><\/div><\/div><div class=\"slideshow_view\">\n\t\t\t\t<div class=\"slideshow_slide slideshow_slide_image\">\n\t\t\t\t\t\t\t\t\t\t\t<img src=\"https:\/\/hoteljanne.lv\/de\/wp-content\/uploads\/sites\/6\/2022\/09\/Baltic-Pictures-WEB-4568-min-1024x682-1.jpg\" alt=\"Baltic-Pictures-WEB-4568-min-1024x682\" width=\"1024\" height=\"682\" \/>\n\t\t\t\t\t\t\t\t\t\t<div class=\"slideshow_description_box slideshow_transparent\">\n\t\t\t\t\t\t<div class=\"slideshow_title\">Baltic-Pictures-WEB-4568-min-1024x682<\/div>\t\t\t\t\t\t\t\t\t\t\t<\/div>\n\t\t\t\t<\/div>\n\n\t\t\t\t\t\t<div style=\"clear: both;\"><\/div><\/div>\n\t\t<\/div>\n\n\t\t<div class=\"slideshow_controlPanel slideshow_transparent\" style=\"display: none;\"><ul><li class=\"slideshow_togglePlay\" data-play-text=\"Abspielen\" data-pause-text=\"Pause\"><\/li><\/ul><\/div>\n\n\t\t<div class=\"slideshow_button slideshow_previous slideshow_transparent\" role=\"button\" data-previous-text=\"Zur\u00fcck\" style=\"display: none;\"><\/div>\n\t\t<div class=\"slideshow_button slideshow_next slideshow_transparent\" role=\"button\" data-next-text=\"N\u00e4chstes\" style=\"display: none;\"><\/div>\n\n\t\t<div class=\"slideshow_pagination\" style=\"display: none;\" data-go-to-text=\"Gehe zum Bild\"><div class=\"slideshow_pagination_center\"><\/div><\/div>\n\n\t\t<!-- WordPress Slideshow Version 2.3.1 -->\n\n\t\t\t<\/div>\n\n\n<p><!--EndFragment-->Das Janne Hotel ist ein kleines, stilvolles 3-Sterne-Hotel, das erschwingliche Unterk\u00fcnfte in einer komfortablen, gem\u00fctlichen und einladenden Umgebung bietet. Das Hotel befindet sich in einem 125 Jahre alten Geb\u00e4ude mit einer reichen Geschichte, das im Juli 2014 komplett renoviert wurde und sein historisches Erbe aus alten Backsteinmauern und Gew\u00f6lbedecken bewahrt.<\/p>\n<p>Das Janne Hotel ist ein Ort f\u00fcr Reisende, die ein besonderes Interieur lieben, daher die dekorativen Elemente, die wir mit viel Liebe zum Detail ausgew\u00e4hlt haben. Die Zimmer und Einrichtungen des Hotels sind mit restaurierten M\u00f6beln, hausgemachten Tischen von Singer-N\u00e4hmaschinen und anderen Antiquit\u00e4ten wie Mercedes-Schreibmaschinen ausgestattet.<\/p>\n<p>Das Hotel liegt in einer ruhigen und gr\u00fcnen Gegend von Riga &#8211; Agenskalns. Nicht weit vom Hotel entfernt befindet sich der historische \u0100genskalns-Markt, auf dem \u00f6kologisch saubere lettische Produkte von lokalen Verk\u00e4ufern gekauft werden k\u00f6nnen. Neben dem Hotel befindet sich ein architektonisches Denkmal &#8211; das Pauls Stradi\u0146\u0161 Clinical University Hospital. Die Altstadt von Riga erreichen Sie mit den \u00f6ffentlichen Verkehrsmitteln in 10 Minuten. Die 5. Stra\u00dfenbahnhaltestelle befindet sich direkt gegen\u00fcber dem Hotel. Natur- und Wanderfreunde werden den beeindruckenden Mara-Teich und den beliebten Arcadia-Park, nur 500 m entfernt, zu sch\u00e4tzen wissen. In der N\u00e4he befindet sich auch das moderne und stilvolle Viertel Kalnciems &#8211; Teil des einzigartigen europ\u00e4ischen architektonischen Holzerbes, in dem jeden Samstag Handwerksmessen und Konzerte stattfinden.<\/p>\n<p>Auf den D\u00e4chern des Hotels leben ganz besondere Bienen. In den w\u00e4rmsten Monaten des Jahres ist jeder eingeladen, sich mit Bienen vertraut zu machen und den Honig von \u0100genskalns Roof zu probieren. Honig, der 2018 in f\u00fcnf Bienenst\u00f6cken gesammelt wurde, gewann den Titel &#8222;Der leckerste Honig in Lettland&#8220;.<\/p>\n<p>Willkommen im Hotel &#8222;JANNE&#8220;!<\/p>\n","protected":false},"excerpt":{"rendered":"<p>Das Janne Hotel ist ein kleines, stilvolles 3-Sterne-Hotel, das erschwingliche Unterk\u00fcnfte in einer komfortablen, gem\u00fctlichen und einladenden Umgebung bietet. Das Hotel befindet sich in einem <\/p>\n<p><a href=\"https:\/\/hoteljanne.lv\/de\/willkommen-im-hotel\/\" class=\"button2\">Read More &raquo;<\/a><\/p>\n","protected":false},"author":4,"featured_media":0,"parent":0,"menu_order":0,"comment_status":"closed","ping_status":"closed","template":"","meta":{"footnotes":""},"class_list":["post-279","page","type-page","status-publish","hentry"],"aioseo_notices":[],"_links":{"self":[{"href":"https:\/\/hoteljanne.lv\/de\/wp-json\/wp\/v2\/pages\/279","targetHints":{"allow":["GET"]}}],"collection":[{"href":"https:\/\/hoteljanne.lv\/de\/wp-json\/wp\/v2\/pages"}],"about":[{"href":"https:\/\/hoteljanne.lv\/de\/wp-json\/wp\/v2\/types\/page"}],"author":[{"embeddable":true,"href":"https:\/\/hoteljanne.lv\/de\/wp-json\/wp\/v2\/users\/4"}],"replies":[{"embeddable":true,"href":"https:\/\/hoteljanne.lv\/de\/wp-json\/wp\/v2\/comments?post=279"}],"version-history":[{"count":5,"href":"https:\/\/hoteljanne.lv\/de\/wp-json\/wp\/v2\/pages\/279\/revisions"}],"predecessor-version":[{"id":385,"href":"https:\/\/hoteljanne.lv\/de\/wp-json\/wp\/v2\/pages\/279\/revisions\/385"}],"wp:attachment":[{"href":"https:\/\/hoteljanne.lv\/de\/wp-json\/wp\/v2\/media?parent=279"}],"curies":[{"name":"wp","href":"https:\/\/api.w.org\/{rel}","templated":true}]}}