{"id":303,"date":"2022-09-16T13:54:10","date_gmt":"2022-09-16T13:54:10","guid":{"rendered":"http:\/\/hoteljanne.lv\/de\/?page_id=303"},"modified":"2023-05-19T12:36:10","modified_gmt":"2023-05-19T12:36:10","slug":"apartment","status":"publish","type":"page","link":"https:\/\/hoteljanne.lv\/de\/apartment\/","title":{"rendered":"Apartment"},"content":{"rendered":"\n\t<div class=\"clearfix\"><div class=\"one-half\">\n<div class=\"clearfix\"><\/div><div class=\"one-third\"><img decoding=\"async\" src=\"http:\/\/hoteljanne.lv\/de\/wp-content\/uploads\/sites\/6\/2022\/02\/5-4-150x150.jpg\" alt=\"\" \/><\/p>\n<\/div><div class=\"one-third\"><img decoding=\"async\" src=\"http:\/\/hoteljanne.lv\/de\/wp-content\/uploads\/sites\/6\/2022\/09\/IMG_1664-min-1024x683-1-150x150.jpg\" alt=\"\" \/><\/p>\n<\/div><div class=\"one-third last-col\"><img decoding=\"async\" src=\"http:\/\/hoteljanne.lv\/de\/wp-content\/uploads\/sites\/6\/2022\/09\/IMG_1654-min-1024x683-1-150x150.jpg\" alt=\"\" \/><\/p>\n<\/div>\n<p>Studenten! Wenn Sie Ihre Studienzeit in einzelnem Apartment verbringen m\u00f6chten, sind die von unserem Partner Riga Academic Guest House angebotenes Apartment genau das, wonach Sie suchen. Dieses Apartment k\u00f6nnen von 1-2 Studenten gemietet werden, die monatliche Gesamtgeb\u00fchr betr\u00e4gt bis zu 550,00 Eur.<\/p>\n<strong>Finden Sie umfangreichere Apartmentangebote mit unseren Partnern:<\/strong> <a href=\"http:\/\/www.academicguesthouse.com\">academicguesthouse.com<\/a><br \/>\n<\/div><div class=\"one-half last-col\">\n<h3>Apartmentsbeschreibung<\/h3>\n<p>Das Apartment besteht aus einer ger\u00e4umigen K\u00fcche mit allen notwendigen Ger\u00e4ten (K\u00fchlschrank, Wasserkocher, Elektroherd, Geschirr) und einem Schlafzimmer mit zwei Betten, einem Tisch, einem Stuhl und einem ger\u00e4umigen Kleiderschrank. Ein angenehmer Bonus im Winter &#8211; warme B\u00f6den. Die monatliche Geb\u00fchr beinhaltet Nebenkosten sowie WiFi.<\/p>\n<h2>\u20ac 550 pro Monat<\/h2>\n<h4 id=\"b_editDates\">Wir k\u00fcmmern uns um Sie!<br \/>\nRufen Sie an: +37126988869 oder schreiben Sie eine E-Mail: <a href=\"mailto:info@hoteljanne.lv\">info@hoteljanne.lv<\/a><\/h4>\n<\/div>\n<\/div>\n<h3>Preisbeschreibung<\/h3>\n<div class=\"clearfix\">\n<div class=\"one-half\">\n<strong>Im Preis inbegriffen<\/strong><br \/>\n<ul class=\"list3\">\n<li>E-Herd<\/li>\n<li>K\u00fcchenutensilien<\/li>\n<li>Mikrowelle<\/li>\n<li>K\u00fchlschrank<\/li>\n<li>Teekanne<\/li>\n<\/ul>\n<\/div>\n<div class=\"one-half last-col\">\n<strong>Zus\u00e4tzliche Kosten<\/strong><br \/>\n<ul class=\"list3\">\n<li>W\u00e4sche waschen und trocknen<\/li>\n<li>Reinigung<\/li>\n<\/ul>\n<\/div>\n<\/div>\n","protected":false},"excerpt":{"rendered":"<p>Preisbeschreibung<\/p>\n","protected":false},"author":4,"featured_media":0,"parent":0,"menu_order":0,"comment_status":"closed","ping_status":"closed","template":"","meta":{"footnotes":""},"class_list":["post-303","page","type-page","status-publish","hentry"],"aioseo_notices":[],"_links":{"self":[{"href":"https:\/\/hoteljanne.lv\/de\/wp-json\/wp\/v2\/pages\/303","targetHints":{"allow":["GET"]}}],"collection":[{"href":"https:\/\/hoteljanne.lv\/de\/wp-json\/wp\/v2\/pages"}],"about":[{"href":"https:\/\/hoteljanne.lv\/de\/wp-json\/wp\/v2\/types\/page"}],"author":[{"embeddable":true,"href":"https:\/\/hoteljanne.lv\/de\/wp-json\/wp\/v2\/users\/4"}],"replies":[{"embeddable":true,"href":"https:\/\/hoteljanne.lv\/de\/wp-json\/wp\/v2\/comments?post=303"}],"version-history":[{"count":7,"href":"https:\/\/hoteljanne.lv\/de\/wp-json\/wp\/v2\/pages\/303\/revisions"}],"predecessor-version":[{"id":379,"href":"https:\/\/hoteljanne.lv\/de\/wp-json\/wp\/v2\/pages\/303\/revisions\/379"}],"wp:attachment":[{"href":"https:\/\/hoteljanne.lv\/de\/wp-json\/wp\/v2\/media?parent=303"}],"curies":[{"name":"wp","href":"https:\/\/api.w.org\/{rel}","templated":true}]}}