{"id":312,"date":"2022-09-16T14:55:11","date_gmt":"2022-09-16T14:55:11","guid":{"rendered":"http:\/\/hoteljanne.lv\/de\/?page_id=312"},"modified":"2022-09-16T15:19:48","modified_gmt":"2022-09-16T15:19:48","slug":"doppelzimmer-mit-kueche","status":"publish","type":"page","link":"https:\/\/hoteljanne.lv\/de\/doppelzimmer-mit-kueche\/","title":{"rendered":"Doppelzimmer mit k\u00fcche"},"content":{"rendered":"\n\t<div class=\"clearfix\">\n<div class=\"one-half\">\n\n\t\t<div id='gallery-1' class='gallery galleryid-312 gallery-columns-3 gallery-size-thumbnail'><dl class='gallery-item'><dt class='gallery-icon'><a href=\"https:\/\/hoteljanne.lv\/de\/wp-content\/uploads\/sites\/6\/2022\/02\/Baltic-Pictures-9953-scaled.jpg\" rel=\"prettyPhoto[gallery-]\" title=\"Baltic-Pictures-9953\"><span class=\"zoom-wrapper\">\n\t\t\t\t\t<span class=\"zoom\"><\/span>\n\t\t\t\t<\/span><img decoding=\"async\" src=\"https:\/\/hoteljanne.lv\/de\/wp-content\/uploads\/sites\/6\/2022\/02\/Baltic-Pictures-9953-500x500.jpg\" alt=\"\" \/><\/a><\/dt><\/dl><dl class='gallery-item'><dt class='gallery-icon'><a href=\"https:\/\/hoteljanne.lv\/de\/wp-content\/uploads\/sites\/6\/2022\/09\/Baltic-Pictures-9924-scaled.jpg\" rel=\"prettyPhoto[gallery-]\" title=\"Baltic-Pictures-9924\"><span class=\"zoom-wrapper\">\n\t\t\t\t\t<span class=\"zoom\"><\/span>\n\t\t\t\t<\/span><img decoding=\"async\" src=\"https:\/\/hoteljanne.lv\/de\/wp-content\/uploads\/sites\/6\/2022\/09\/Baltic-Pictures-9924-500x500.jpg\" alt=\"\" \/><\/a><\/dt><\/dl><dl class='gallery-item'><dt class='gallery-icon'><a href=\"https:\/\/hoteljanne.lv\/de\/wp-content\/uploads\/sites\/6\/2022\/09\/Baltic-Pictures-9896-scaled.jpg\" rel=\"prettyPhoto[gallery-]\" title=\"Baltic-Pictures-9896\"><span class=\"zoom-wrapper\">\n\t\t\t\t\t<span class=\"zoom\"><\/span>\n\t\t\t\t<\/span><img decoding=\"async\" src=\"https:\/\/hoteljanne.lv\/de\/wp-content\/uploads\/sites\/6\/2022\/09\/Baltic-Pictures-9896-500x500.jpg\" alt=\"\" \/><\/a><\/dt><\/dl><dl class='gallery-item'><dt class='gallery-icon'><a href=\"https:\/\/hoteljanne.lv\/de\/wp-content\/uploads\/sites\/6\/2022\/09\/6221-1024x683-1.jpg\" rel=\"prettyPhoto[gallery-]\" title=\"6221-1024&#215;683\"><span class=\"zoom-wrapper\">\n\t\t\t\t\t<span class=\"zoom\"><\/span>\n\t\t\t\t<\/span><img decoding=\"async\" src=\"https:\/\/hoteljanne.lv\/de\/wp-content\/uploads\/sites\/6\/2022\/09\/6221-1024x683-1-500x500.jpg\" alt=\"\" \/><\/a><\/dt><\/dl><dl class='gallery-item'><dt class='gallery-icon'><a href=\"https:\/\/hoteljanne.lv\/de\/wp-content\/uploads\/sites\/6\/2022\/09\/6236-683x1024-1.jpg\" rel=\"prettyPhoto[gallery-]\" title=\"6236-683&#215;1024\"><span class=\"zoom-wrapper\">\n\t\t\t\t\t<span class=\"zoom\"><\/span>\n\t\t\t\t<\/span><img decoding=\"async\" src=\"https:\/\/hoteljanne.lv\/de\/wp-content\/uploads\/sites\/6\/2022\/09\/6236-683x1024-1-500x500.jpg\" alt=\"\" \/><\/a><\/dt><\/dl>\n\t\t\t<br style='clear: both;' \/>\n\t\t<\/div>\n\n<p>Das Hotel Janne bietet ein Doppelzimmer mit einer K\u00fcchenzeile, das in einem elegant einfachen Stil mit verschiedenen dekorativen Elementen eingerichtet ist. Dieser Raum bietet Platz f\u00fcr ein oder zwei Studenten. Die Unterbringung in diesem Zimmer f\u00fcr einen Monat kostet 400,00 Eur.<\/p>\n1 &#8211; 2 Personen<br \/>\n<\/div>\n<div class=\"one-half last-col\">\n<h3>Zimmerbeschreibung<\/h3>\n<p>Dieses Zimmer ist mit zwei Einzelbetten (90 x 200) oder einem Doppelbett (160 x 200), einem Schreibtisch, einem Kleiderschrank, einem Plasma-TV und einem gut ausgestatteten Badezimmer ausgestattet. Das Zimmer ist mit einer kleinen K\u00fcchenzeile mit Mikrowelle, Wasserkocher, K\u00fchlschrank und allen notwendigen K\u00fcchenutensilien (Teller, Tassen, L\u00f6ffel usw.) ausgestattet. WIFI ist w\u00e4hrend des gesamten Aufenthalts kostenlos verf\u00fcgbar. Alle Nebenkosten (W\u00e4rme, Wasser, Strom) sind im Preis inbegriffen..<\/p>\n<h2>\u20ac 475 Monat \/ Nummer<\/h2>\n<h4 id=\"b_editDates\">Studenten!<br \/>\nWir k\u00fcmmern uns um Sie!<br \/>\nRufen Sie an: +37126988869 oder schreiben Sie eine E-Mail: <a href=\"mailto:info@hoteljanne.lv\">info@hoteljanne.lv<\/a><\/h4>\n<\/div>\n<\/div>\n<h3>Preisbeschreibung<\/h3>\n<div class=\"clearfix\">\n<div class=\"one-half\">\n<strong>Im Preis inbegriffen<\/strong><br \/>\n<ul class=\"list3\">\n<li>Dienstprogramme<\/li>\n<li>WiFi<\/li>\n<li>Kabelfernsehen<\/li>\n<li>Haartrockner<\/li>\n<li>K\u00fcchenutensilien<\/li>\n<li>Mikrowelle<\/li>\n<li>K\u00fchlschrank<\/li>\n<li>Teekanne<\/li>\n<\/ul>\n<\/div>\n<div class=\"one-half last-col\">\n<strong>Zus\u00e4tzliche Kosten<\/strong><br \/>\n<ul class=\"list3\">\n<li>W\u00e4sche waschen und trocknen<\/li>\n<li>Reinigung<\/li>\n<\/ul>\n<\/div>\n<\/div>\n","protected":false},"excerpt":{"rendered":"<p>Preisbeschreibung<\/p>\n","protected":false},"author":4,"featured_media":0,"parent":0,"menu_order":0,"comment_status":"closed","ping_status":"closed","template":"","meta":{"footnotes":""},"class_list":["post-312","page","type-page","status-publish","hentry"],"aioseo_notices":[],"_links":{"self":[{"href":"https:\/\/hoteljanne.lv\/de\/wp-json\/wp\/v2\/pages\/312","targetHints":{"allow":["GET"]}}],"collection":[{"href":"https:\/\/hoteljanne.lv\/de\/wp-json\/wp\/v2\/pages"}],"about":[{"href":"https:\/\/hoteljanne.lv\/de\/wp-json\/wp\/v2\/types\/page"}],"author":[{"embeddable":true,"href":"https:\/\/hoteljanne.lv\/de\/wp-json\/wp\/v2\/users\/4"}],"replies":[{"embeddable":true,"href":"https:\/\/hoteljanne.lv\/de\/wp-json\/wp\/v2\/comments?post=312"}],"version-history":[{"count":4,"href":"https:\/\/hoteljanne.lv\/de\/wp-json\/wp\/v2\/pages\/312\/revisions"}],"predecessor-version":[{"id":318,"href":"https:\/\/hoteljanne.lv\/de\/wp-json\/wp\/v2\/pages\/312\/revisions\/318"}],"wp:attachment":[{"href":"https:\/\/hoteljanne.lv\/de\/wp-json\/wp\/v2\/media?parent=312"}],"curies":[{"name":"wp","href":"https:\/\/api.w.org\/{rel}","templated":true}]}}