{"id":319,"date":"2022-09-16T15:14:25","date_gmt":"2022-09-16T15:14:25","guid":{"rendered":"http:\/\/hoteljanne.lv\/de\/?page_id=319"},"modified":"2023-05-19T12:35:33","modified_gmt":"2023-05-19T12:35:33","slug":"einzelzimmer-mit-kueche","status":"publish","type":"page","link":"https:\/\/hoteljanne.lv\/de\/einzelzimmer-mit-kueche\/","title":{"rendered":"Einzelzimmer mit k\u00fcche"},"content":{"rendered":"\n\t<div class=\"clearfix\">\n<div class=\"one-half\">\n\n\t\t<div id='gallery-1' class='gallery galleryid-319 gallery-columns-3 gallery-size-thumbnail'><dl class='gallery-item'><dt class='gallery-icon'><a href=\"https:\/\/hoteljanne.lv\/de\/wp-content\/uploads\/sites\/6\/2022\/02\/Baltic-Pictures-WEB-4622.jpg\" rel=\"prettyPhoto[gallery-]\" title=\"Baltic-Pictures-WEB-4622\"><span class=\"zoom-wrapper\">\n\t\t\t\t\t<span class=\"zoom\"><\/span>\n\t\t\t\t<\/span><img decoding=\"async\" src=\"https:\/\/hoteljanne.lv\/de\/wp-content\/uploads\/sites\/6\/2022\/02\/Baltic-Pictures-WEB-4622-500x500.jpg\" alt=\"\" \/><\/a><\/dt><\/dl><dl class='gallery-item'><dt class='gallery-icon'><a href=\"https:\/\/hoteljanne.lv\/de\/wp-content\/uploads\/sites\/6\/2022\/09\/mazins.jpg\" rel=\"prettyPhoto[gallery-]\" title=\"mazins\"><span class=\"zoom-wrapper\">\n\t\t\t\t\t<span class=\"zoom\"><\/span>\n\t\t\t\t<\/span><img decoding=\"async\" src=\"https:\/\/hoteljanne.lv\/de\/wp-content\/uploads\/sites\/6\/2022\/09\/mazins-500x500.jpg\" alt=\"\" \/><\/a><\/dt><\/dl><dl class='gallery-item'><dt class='gallery-icon'><a href=\"https:\/\/hoteljanne.lv\/de\/wp-content\/uploads\/sites\/6\/2022\/09\/4580-1024x683-1.jpg\" rel=\"prettyPhoto[gallery-]\" title=\"4580-1024&#215;683\"><span class=\"zoom-wrapper\">\n\t\t\t\t\t<span class=\"zoom\"><\/span>\n\t\t\t\t<\/span><img decoding=\"async\" src=\"https:\/\/hoteljanne.lv\/de\/wp-content\/uploads\/sites\/6\/2022\/09\/4580-1024x683-1-500x500.jpg\" alt=\"\" \/><\/a><\/dt><\/dl><dl class='gallery-item'><dt class='gallery-icon'><a href=\"https:\/\/hoteljanne.lv\/de\/wp-content\/uploads\/sites\/6\/2022\/09\/6221-1024x683-1.jpg\" rel=\"prettyPhoto[gallery-]\" title=\"6221-1024&#215;683\"><span class=\"zoom-wrapper\">\n\t\t\t\t\t<span class=\"zoom\"><\/span>\n\t\t\t\t<\/span><img decoding=\"async\" src=\"https:\/\/hoteljanne.lv\/de\/wp-content\/uploads\/sites\/6\/2022\/09\/6221-1024x683-1-500x500.jpg\" alt=\"\" \/><\/a><\/dt><\/dl><dl class='gallery-item'><dt class='gallery-icon'><a href=\"https:\/\/hoteljanne.lv\/de\/wp-content\/uploads\/sites\/6\/2022\/09\/6236-683x1024-1.jpg\" rel=\"prettyPhoto[gallery-]\" title=\"6236-683&#215;1024\"><span class=\"zoom-wrapper\">\n\t\t\t\t\t<span class=\"zoom\"><\/span>\n\t\t\t\t<\/span><img decoding=\"async\" src=\"https:\/\/hoteljanne.lv\/de\/wp-content\/uploads\/sites\/6\/2022\/09\/6236-683x1024-1-500x500.jpg\" alt=\"\" \/><\/a><\/dt><\/dl>\n\t\t\t<br style='clear: both;' \/>\n\t\t<\/div>\n\n<p>Das Hotel Janne bietet ein Einzelzimmer, das in einem elegant einfachen Stil mit einer Vielzahl von dekorativen Elementen eingerichtet ist. Die Unterbringung in diesem Zimmer f\u00fcr einen Monat kostet 425,00 Eur.<\/p>\n<\/div>\n<div class=\"one-half last-col\">\n<h3>Zimmerbeschreibung<\/h3>\n<p>Das Einzelzimmer ist mit einem bequemen Bett (90 x 200), einem Schreibtisch, einem Kleiderschrank, einem Plasma-TV, einem gut ausgestatteten Badezimmer und einer kleinen K\u00fcchenzeile ausgestattet. Kostenloses WIFI ist w\u00e4hrend des gesamten Aufenthalts verf\u00fcgbar. Nebenkosten (Strom, W\u00e4rme, Wasser) sind im Zimmerpreis enthalten.<\/p>\n<h2>\u20ac 425 Monat \/ Nummer<\/h2>\n<h4 id=\"b_editDates\">Studenten! Rufen Sie an, schreiben Sie und wir k\u00fcmmern uns w\u00e4hrend des gesamten Aufenthalts um Sie! +37126988869 und E-Mail: <a href=\"mailto:info@hoteljanne.lv\">info@hoteljanne.lv<\/a><\/h4>\n<\/div>\n<\/div>\n<h3>Preisbeschreibung<\/h3>\n<div class=\"clearfix\">\n<div class=\"one-half\">\n<strong>Im Preis inbegriffen<\/strong><br \/>\n<ul class=\"list3\">\n<li>Dienstprogramme<\/li>\n<li>WiFi<\/li>\n<li>Kabelfernsehen<\/li>\n<li>Haartrockner<\/li>\n<li>K\u00fchlschrank<\/li>\n<li>Teekanne<\/li>\n<li>K\u00fcchenutensilien<\/li>\n<li>Mikrowelle<\/li>\n<\/ul>\n<\/div>\n<div class=\"one-half last-col\">\n<strong>Zus\u00e4tzliche Kosten<\/strong><br \/>\n<ul class=\"list3\">\n<li>W\u00e4sche waschen und trocknen<\/li>\n<li>Reinigung<\/li>\n<\/ul>\n<\/div>\n<\/div>\n","protected":false},"excerpt":{"rendered":"<p>Preisbeschreibung<\/p>\n","protected":false},"author":4,"featured_media":0,"parent":0,"menu_order":0,"comment_status":"closed","ping_status":"closed","template":"","meta":{"footnotes":""},"class_list":["post-319","page","type-page","status-publish","hentry"],"aioseo_notices":[],"_links":{"self":[{"href":"https:\/\/hoteljanne.lv\/de\/wp-json\/wp\/v2\/pages\/319","targetHints":{"allow":["GET"]}}],"collection":[{"href":"https:\/\/hoteljanne.lv\/de\/wp-json\/wp\/v2\/pages"}],"about":[{"href":"https:\/\/hoteljanne.lv\/de\/wp-json\/wp\/v2\/types\/page"}],"author":[{"embeddable":true,"href":"https:\/\/hoteljanne.lv\/de\/wp-json\/wp\/v2\/users\/4"}],"replies":[{"embeddable":true,"href":"https:\/\/hoteljanne.lv\/de\/wp-json\/wp\/v2\/comments?post=319"}],"version-history":[{"count":4,"href":"https:\/\/hoteljanne.lv\/de\/wp-json\/wp\/v2\/pages\/319\/revisions"}],"predecessor-version":[{"id":378,"href":"https:\/\/hoteljanne.lv\/de\/wp-json\/wp\/v2\/pages\/319\/revisions\/378"}],"wp:attachment":[{"href":"https:\/\/hoteljanne.lv\/de\/wp-json\/wp\/v2\/media?parent=319"}],"curies":[{"name":"wp","href":"https:\/\/api.w.org\/{rel}","templated":true}]}}