{"id":333,"date":"2022-09-19T13:47:36","date_gmt":"2022-09-19T13:47:36","guid":{"rendered":"http:\/\/hoteljanne.lv\/de\/?page_id=333"},"modified":"2023-11-23T14:31:11","modified_gmt":"2023-11-23T14:31:11","slug":"urbane-imkerei-riga-dachhonig","status":"publish","type":"page","link":"https:\/\/hoteljanne.lv\/de\/urbane-imkerei-riga-dachhonig\/","title":{"rendered":"Urbane Imkerei &#8211; Riga Dachhonig"},"content":{"rendered":"\n\t\t\t\t<img loading=\"lazy\" decoding=\"async\" src=\"http:\/\/hoteljanne.lv\/de\/wp-content\/uploads\/sites\/6\/2022\/09\/PSX_20180801_233132-1-1024x1024-1.jpg\" alt=\"PSX_20180801_233132-1-1024x1024\" itemprop=\"image\" height=\"1024\" width=\"1024\" title=\"PSX_20180801_233132-1-1024x1024\" onerror=\"this.style.display='none'\"  \/>\n\t<p>Die urbane Imkerei gewinnt sowohl in gro\u00dfen europ\u00e4ischen als auch in ozeanischen St\u00e4dten langsam aber sicher an Popularit\u00e4t. Es kann sowohl als Modeschrei als auch als echtes Engagement f\u00fcr die Wiederbelebung der Natur angesehen werden, aber im Hotel Janne ist es eine Herzens- und Liebesfrage f\u00fcr dieses aktive Insekt, das es Bienen erm\u00f6glicht, das ab Jahr 2017 den D\u00e4chern von Agenskalns zu leben.<\/p>\n\t<blockquote><p>Biss &#8211; die Basis der biologischen Vielfalt. Es wird gesagt, dass 76% der Nahrungsmittelproduktion f\u00fcr den menschlichen Verzehr von diesen kleinen Wesen abh\u00e4ngt.<\/p><\/blockquote>\n\t<p>Das Bienenhaus des Hotels Janne besteht aus f\u00fcnf Latgale-Baumst\u00e4mmen auf den D\u00e4chern. Im Durchschnitt kann ein Bienenstock 60.000 bis 120.000 Bienen enthalten.<\/p>\n<p>In Agenskalns sind Linden weit verbreitet, die die Hauptnektarquelle f\u00fcr Jannes-Bienen darstellen. Lindenhonig ist leicht, leicht bitter und hat einen Mentholgeschmack.<\/p>\n\t\t\t\t<img loading=\"lazy\" decoding=\"async\" src=\"http:\/\/hoteljanne.lv\/de\/wp-content\/uploads\/sites\/6\/2022\/09\/DSC0859-1.jpg\" alt=\"_DSC0859-1\" itemprop=\"image\" height=\"1629\" width=\"2454\" title=\"_DSC0859-1\" onerror=\"this.style.display='none'\"  \/>\n\t<blockquote><p>Riga Dachhonig &#8211; der leckerste in Lettland!<\/p><\/blockquote>\n\t\t\t\t<img loading=\"lazy\" decoding=\"async\" src=\"http:\/\/hoteljanne.lv\/de\/wp-content\/uploads\/sites\/6\/2022\/09\/IMG_20190825_160146-1-1024x768-1.jpg\" alt=\"IMG_20190825_160146-1-1024x768\" itemprop=\"image\" height=\"768\" width=\"1024\" title=\"IMG_20190825_160146-1-1024x768\" onerror=\"this.style.display='none'\"  \/>\n\t<p>Beim \u201eSommertreffen der lettischen Imker 2018\u201cim Juli 2018 gewann der auf den D\u00e4chern des Hotels Janne gesammelte Honig den ehrenvollen ersten Platz im Wettbewerb \u201eDer leckerste lettische Honig\u201c. Der Gewinner wurde unter 73 Kandidaten ermittelt &#8211; die eingereichten Proben wurden sowohl von den Teilnehmern des Imkertreffens als auch von einer Fachjury verkostet. <a href=\"http:\/\/laukos.la.lv\/latvijas-garsigakais-medus-ievakts-rigas-viesnicas-hotel-janne-jumta-stropo\">Lesen Sie hier mehr<\/a><\/p>\n<p>&nbsp;<\/p>\n\t<p>&#8222;Riga Dachhonig&#8220; <em>(&#8222;R\u012bgas Jumtu medus&#8220;) <\/em>Bienenst\u00f6cke sind willkommen, alle Interessierten zu sehen, und im Hotel Janne k\u00f6nnen Sie &#8222;Riga Dachhonig&#8220; <em>(&#8222;R\u012bgas Jumtu medus&#8220;) <\/em>und andere Bienenprodukte probieren und kaufen.<\/p>\n\t<blockquote><p>Gehen Sie zum Hotel Janne, um die Bienen zu treffen und Honig zu kaufen!<\/p><\/blockquote>\n\t\t\t\t<img loading=\"lazy\" decoding=\"async\" src=\"http:\/\/hoteljanne.lv\/de\/wp-content\/uploads\/sites\/6\/2022\/09\/DSC0950-1-1024x680-1.jpg\" alt=\"DSC0950-1-1024x680\" itemprop=\"image\" height=\"680\" width=\"1024\" title=\"DSC0950-1-1024x680\" onerror=\"this.style.display='none'\"  \/>\n\t\t\t\t<img loading=\"lazy\" decoding=\"async\" src=\"http:\/\/hoteljanne.lv\/de\/wp-content\/uploads\/sites\/6\/2022\/09\/DSC0954-1-1024x680-1.jpg\" alt=\"DSC0954-1-1024x680\" itemprop=\"image\" height=\"680\" width=\"1024\" title=\"DSC0954-1-1024x680\" onerror=\"this.style.display='none'\"  \/>\n\t\t\t\t<img loading=\"lazy\" decoding=\"async\" src=\"http:\/\/hoteljanne.lv\/de\/wp-content\/uploads\/sites\/6\/2022\/09\/DSC0938-1-1024x680-1.jpg\" alt=\"DSC0938-1-1024x680\" itemprop=\"image\" height=\"680\" width=\"1024\" title=\"DSC0938-1-1024x680\" onerror=\"this.style.display='none'\"  \/>\n\t\t\t\t<img loading=\"lazy\" decoding=\"async\" src=\"http:\/\/hoteljanne.lv\/de\/wp-content\/uploads\/sites\/6\/2022\/09\/DSC0857-1.jpg\" alt=\"_DSC0857-1\" itemprop=\"image\" height=\"1629\" width=\"2454\" title=\"_DSC0857-1\" onerror=\"this.style.display='none'\"  \/>\n\t\t\t\t<img loading=\"lazy\" decoding=\"async\" src=\"http:\/\/hoteljanne.lv\/de\/wp-content\/uploads\/sites\/6\/2022\/09\/IMG-20190220-WA0000-1024x549-1.jpg\" alt=\"IMG-20190220-WA0000-1024x549\" itemprop=\"image\" height=\"549\" width=\"1024\" title=\"IMG-20190220-WA0000-1024x549\" onerror=\"this.style.display='none'\"  \/>\n\t<p>Um Nektar zu sammeln, fliegen Bienen in einem Radius von bis zu 5 km vom Bienenhaus. Die Delikatessen, die den Hotelbienen am n\u00e4chsten liegen, befinden sich direkt hier im Hotelhof &#8211; in den warmen Monaten des Jahres gibt es einen Garten, in dem alles M\u00f6gliche angebaut wird: von Erdbeeren und Tomaten bis zu Kartoffeln und Zucchini.<\/p>\n\t<p>Der Gem\u00fcsegarten im Hof des Hotels Janne das ab Jahre 2018 in Folge gepflegt und schafft Freude und Interesse f\u00fcr die Hotelg\u00e4ste &#8211; Sie k\u00f6nnen auch etwas Gr\u00fcnes im Herzen der Stadt schaffen!<\/p>\n<blockquote><p>Willkommen in unserem Garten und sch\u00e4tzen die reiche Ernte!<\/p><\/blockquote>\n\t\t\t\t<img loading=\"lazy\" decoding=\"async\" src=\"http:\/\/hoteljanne.lv\/de\/wp-content\/uploads\/sites\/6\/2022\/09\/DSC0844-1.jpg\" alt=\"_DSC0844-1\" itemprop=\"image\" height=\"1629\" width=\"2454\" title=\"_DSC0844-1\" onerror=\"this.style.display='none'\"  \/>\n\t\t\t\t<img loading=\"lazy\" decoding=\"async\" src=\"http:\/\/hoteljanne.lv\/de\/wp-content\/uploads\/sites\/6\/2022\/09\/DSC0799-1.jpg\" alt=\"_DSC0799-1\" itemprop=\"image\" height=\"1629\" width=\"2454\" title=\"_DSC0799-1\" onerror=\"this.style.display='none'\"  \/>\n\t\t\t\t<img loading=\"lazy\" decoding=\"async\" src=\"http:\/\/hoteljanne.lv\/de\/wp-content\/uploads\/sites\/6\/2022\/09\/DSC0792-1.jpg\" alt=\"_DSC0792-1\" itemprop=\"image\" height=\"1629\" width=\"2454\" title=\"_DSC0792-1\" onerror=\"this.style.display='none'\"  \/>\n\t\t\t\t<img loading=\"lazy\" decoding=\"async\" src=\"http:\/\/hoteljanne.lv\/de\/wp-content\/uploads\/sites\/6\/2022\/09\/DSC0823-1.jpg\" alt=\"_DSC0823-1\" itemprop=\"image\" height=\"1629\" width=\"2454\" title=\"_DSC0823-1\" onerror=\"this.style.display='none'\"  \/>\n\t<hr \/>\n<h3><\/h3>\n<h3>Andere haben unsere Aktivit\u00e4t und Pflege f\u00fcr Bienen bemerkt:<\/h3>\n\t<!--Card image-->\n\t\t\t\t\t\t\t\t<a href=\"https:\/\/www.diena.lv\/raksts\/videunturisms\/dabasdiena\/ari-pilseta-top-garsigs-medus-14221047\" target=\"_blank\" itemprop=\"url\" rel=\"noopener noreferrer\">\n\t\t\t\t<img decoding=\"async\" src=\"http:\/\/hoteljanne.lv\/de\/wp-content\/uploads\/sites\/6\/2022\/09\/Valdis-sapucejies.jpg\" alt=\"Valdis sapucejies\" itemprop=\"image\"  \/>\n\t\t\t\t<\/a>\n\t<!--\/.Card image-->\n\t<!--Card content-->\n\t\t<!--Title-->\n\t\t<h4>Auch in der Stadt ist ein k\u00f6stlicher Honig \/ Diena<\/h4>\n\t\t<!--\/.Title-->\t\n\t\t\t<!--Text-->\n\t\t\t\t<p>Mai war Internationaler Bienentag. Bekanntlich werden in Lettland Traditionen der Imkerei sowohl auf professioneller als auch auf Amateurebene gepflegt. Interessanterweise nicht nur auf dem Land. Im vergangenen Jahr wurde der k\u00f6stlichste Honig Lettlands als Honig anerkannt, der von Bienen in der lettischen Hauptstadt gesammelt wurde, die auf den D\u00e4chern des Pardaugava Hotels Janne leben.<\/p>\t\t\t\n\t\t\t<!--\/.Text-->\t\n\t\t\t<!--Link--> \n\t\t\t\t\t\t<a href=\"https:\/\/www.diena.lv\/raksts\/videunturisms\/dabasdiena\/ari-pilseta-top-garsigs-medus-14221047\" target=\"_blank\" rel=\"noopener noreferrer\">\n\t\t\t\tLIES HIER\n\t\t\t<\/a>\t\n\t\t\t\t<!--\/.Link-->\n\t<!--\/.Card content-->\n\t<!--Card image-->\n\t\t\t\t\t\t\t\t<img decoding=\"async\" src=\"http:\/\/hoteljanne.lv\/de\/wp-content\/plugins\/beaver-builder-lite-version\/img\/pixel.png\" alt=\"\" itemprop=\"image\"  \/>\n\t<!--\/.Card image-->\n\t<!--Card content-->\n\t\t<!--Title-->\n\t\t<h4>Die Imkerei entwickelt sich auf den D\u00e4chern der Nachrichten von Riga \/ LNT zi\u0146as<\/h4>\n\t\t<!--\/.Title-->\t\n\t\t\t<!--Text-->\n\t\t\t\t<p><iframe loading=\"lazy\" title=\"LNT Zi\u0146as Uz R\u012bgas jumtiem att\u012bst\u0101s pils\u0113tas bi\u0161kop\u012bba   Janne\" width=\"255\" height=\"191\" src=\"https:\/\/www.youtube.com\/embed\/OYH60Y28lRk?feature=oembed\" frameborder=\"0\" allow=\"accelerometer; autoplay; clipboard-write; encrypted-media; gyroscope; picture-in-picture\" allowfullscreen><\/iframe>In den letzten Jahren ist die urbane Imkerei immer wichtiger geworden! Die Bienen beginnen sich allm\u00e4hlich auf den D\u00e4chern von Riga niederzulassen, der in der Stadt gesammelte Honig ist von hoher Qualit\u00e4t und hat in Lettland sogar lokale Auszeichnungen erhalten.<\/p>\t\t\t\n\t\t\t<!--\/.Text-->\t\n\t\t\t<!--Link--> \n\t\t\t\t\t\t<a href=\"https:\/\/tvplay.skaties.lv\/lnt-zinas-10324196\" target=\"_blank\" rel=\"noopener noreferrer\">\n\t\t\t\tSIEHE HIER\n\t\t\t<\/a>\t\n\t\t\t\t<!--\/.Link-->\n\t<!--\/.Card content-->\n\t<!--Card image-->\n\t\t\t\t\t\t\t\t<img decoding=\"async\" src=\"http:\/\/hoteljanne.lv\/de\/wp-content\/plugins\/beaver-builder-lite-version\/img\/pixel.png\" alt=\"\" itemprop=\"image\"  \/>\n\t<!--\/.Card image-->\n\t<!--Card content-->\n\t\t<!--Title-->\n\t\t<h4>Hotelers Alltag \/ LTV Zi\u0146u Dienests &#8211; &#8222;Aculiecinieks&#8220;<\/h4>\n\t\t<!--\/.Title-->\t\n\t\t\t<!--Text-->\n\t\t\t\t<p><iframe loading=\"lazy\" title=\"&quot;Aculiecinieks&quot; : Viesn\u012bcnieka ikdiena\" width=\"255\" height=\"143\" src=\"https:\/\/www.youtube.com\/embed\/XC-Z3k5doKs?feature=oembed\" frameborder=\"0\" allow=\"accelerometer; autoplay; clipboard-write; encrypted-media; gyroscope; picture-in-picture\" allowfullscreen title=\"\"Aculiecinieks\" : Viesn\u012bcnieka ikdiena\"><\/iframe>Valdis Janovs hat das Hotel vor 5 Jahren er\u00f6ffnet. Alles verlief reibungslos, bis die Covid-19-Pandemie alles verlangsamte. Das Hobby eines urbanen Imkers hilft in diesem schwierigen Moment.<\/p>\t\t\t\n\t\t\t<!--\/.Text-->\t\n\t\t\t<!--Link--> \n\t\t\t\t\t\t<a href=\"https:\/\/www.youtube.com\/watch?v=XC-Z3k5doKs&#038;feature=youtu.be&#038;fbclid=IwAR0Z_xh77muYj95vFmbRHyGN4alMLkW8V76jCTi8_5HjbcpsB4tsHbqL0p8\" target=\"_blank\" rel=\"noopener noreferrer\">\n\t\t\t\tSIEHE HIER\n\t\t\t<\/a>\t\n\t\t\t\t<!--\/.Link-->\n\t<!--\/.Card content-->\n\t<!--Card image-->\n\t\t\t\t\t\t\t\t<a href=\"https:\/\/www.lsm.lv\/raksts\/dzive--stils\/vide-un-dzivnieki\/urbana-biskopiba-riga-attistas-latvijas-radio-ciemojas-pie-biskopja-agenskalna.a322593\/\" target=\"_blank\" itemprop=\"url\" rel=\"noopener noreferrer\">\n\t\t\t\t<img decoding=\"async\" src=\"http:\/\/hoteljanne.lv\/de\/wp-content\/uploads\/sites\/6\/2022\/09\/spietsv1.jpeg\" alt=\"spietsv1\" itemprop=\"image\"  \/>\n\t\t\t\t<\/a>\n\t<!--\/.Card image-->\n\t<!--Card content-->\n\t\t<!--Title-->\n\t\t<h4>Die urbane Imkerei in Riga entwickelt sich \/ Latvijas Radio<\/h4>\n\t\t<!--\/.Title-->\t\n\t\t\t<!--Text-->\n\t\t\t\t<p>F\u00fcr den Imker Valdis Janovs wird in \u0100genskalns auf dem Dach eines Familienhotels ein Bienenstock eingerichtet. In den Bienenst\u00f6cken herrscht reger Bienenverkehr, denn in einer der Stra\u00dfen des Bezirks bl\u00fcht derzeit eine riesige Lindengasse. Janovs ist einer der Imker, der einen Bienenschwarm einsammelt, wenn einer in der Stadt aufgetaucht ist.<\/p>\t\t\t\n\t\t\t<!--\/.Text-->\t\n\t\t\t<!--Link--> \n\t\t\t\t\t\t<a href=\"https:\/\/www.lsm.lv\/raksts\/dzive--stils\/vide-un-dzivnieki\/urbana-biskopiba-riga-attistas-latvijas-radio-ciemojas-pie-biskopja-agenskalna.a322593\/\" target=\"_blank\" rel=\"noopener noreferrer\">\n\t\t\t\tLIES HIER\n\t\t\t<\/a>\t\n\t\t\t\t<!--\/.Link-->\n\t<!--\/.Card content-->\n\t<!--Card image-->\n\t\t\t\t\t\t\t\t<img decoding=\"async\" src=\"http:\/\/hoteljanne.lv\/de\/wp-content\/plugins\/beaver-builder-lite-version\/img\/pixel.png\" alt=\"\" itemprop=\"image\"  \/>\n\t<!--\/.Card image-->\n\t<!--Card content-->\n\t\t<!--Title-->\n\t\t<h4>Hei\u00dfes Wetter f\u00f6rdert die Imkerei \/ Panor\u0101ma<\/h4>\n\t\t<!--\/.Title-->\t\n\t\t\t<!--Text-->\n\t\t\t\t<p><iframe loading=\"lazy\" title=\"Karstais laiks veicina bi\u0161u spieto\u0161anu\" width=\"255\" height=\"143\" src=\"https:\/\/www.youtube.com\/embed\/vuahTYM5MnM?feature=oembed\" frameborder=\"0\" allow=\"accelerometer; autoplay; clipboard-write; encrypted-media; gyroscope; picture-in-picture\" allowfullscreen><\/iframe>Die Luft ist buchst\u00e4blich san, und pl\u00f6tzlich platzt eine Bienenwolke aus dem Bienenstock! Die Hitze regt die Bienen zum Quetschen an. Dar\u00fcber hinaus im Zentrum von Riga. In diesen Tagen haben Imker bereits mehrere Bienenschw\u00e4rme gesammelt, die sich an \u00f6ffentlichen Orten niedergelassen hatten.<\/p>\t\t\t\n\t\t\t<!--\/.Text-->\t\n\t\t\t<!--Link--> \n\t\t\t\t\t\t<a href=\"https:\/\/www.youtube.com\/watch?v=vuahTYM5MnM\" target=\"_blank\" rel=\"noopener noreferrer\">\n\t\t\t\tSIEHE HIER\n\t\t\t<\/a>\t\n\t\t\t\t<!--\/.Link-->\n\t<!--\/.Card content-->\n\t<!--Card image-->\n\t\t\t\t\t\t\t\t<img decoding=\"async\" src=\"http:\/\/hoteljanne.lv\/de\/wp-content\/plugins\/beaver-builder-lite-version\/img\/pixel.png\" alt=\"\" itemprop=\"image\"  \/>\n\t<!--\/.Card image-->\n\t<!--Card content-->\n\t\t<!--Title-->\n\t\t<h4>Urban Beekeeping in Riga \/ TV3 &#8222;Cilv\u0113kst\u0101sti Latvijai&#8220;<\/h4>\n\t\t<!--\/.Title-->\t\n\t\t\t<!--Text-->\n\t\t\t\t<p><iframe loading=\"lazy\" title=\"Hotel Janne - Cilv\u0113kst\u0101sti Latvijai\" width=\"255\" height=\"143\" src=\"https:\/\/www.youtube.com\/embed\/apdc8hrS480?feature=oembed\" frameborder=\"0\" allow=\"accelerometer; autoplay; clipboard-write; encrypted-media; gyroscope; picture-in-picture\" allowfullscreen><\/iframe>Alles bl\u00fcht und Bienen summen! Im Riga Dachhonig Bienenstock ist viel los.Der Hotelbesitzer und der urbane Imker Valdis Janovs erz\u00e4hlen uns mehr dar\u00fcber.<\/p>\t\t\t\n\t\t\t<!--\/.Text-->\t\n\t\t\t<!--Link--> \n\t\t\t\t\t\t<a href=\"https:\/\/tv3play.skaties.lv\/cilvekstasti-latvijai-10747394?fbclid=IwAR3ni_FY3B0Ic5DHuLr2yOt6WHGDgFQ23o9wMa_rGPUCmgL4etLaTSDnsX0\" target=\"_blank\" rel=\"noopener noreferrer\">\n\t\t\t\tSIEHE HIER\n\t\t\t<\/a>\t\n\t\t\t\t<!--\/.Link-->\n\t<!--\/.Card content-->\n\t<blockquote>\n<h3><strong><a href=\"http:\/\/hoteljanne.lv\/en\/urban-bees\/\">NEUESTE INFORMATIONEN HIER<\/a><\/strong><\/h3>\n<\/blockquote>\n","protected":false},"excerpt":{"rendered":"<p>Die urbane Imkerei gewinnt sowohl in gro\u00dfen europ\u00e4ischen als auch in ozeanischen St\u00e4dten langsam aber sicher an Popularit\u00e4t. Es kann sowohl als Modeschrei als auch <\/p>\n<p><a href=\"https:\/\/hoteljanne.lv\/de\/urbane-imkerei-riga-dachhonig\/\" class=\"button2\">Read More &raquo;<\/a><\/p>\n","protected":false},"author":4,"featured_media":0,"parent":0,"menu_order":0,"comment_status":"closed","ping_status":"closed","template":"","meta":{"footnotes":""},"class_list":["post-333","page","type-page","status-publish","hentry"],"aioseo_notices":[],"_links":{"self":[{"href":"https:\/\/hoteljanne.lv\/de\/wp-json\/wp\/v2\/pages\/333","targetHints":{"allow":["GET"]}}],"collection":[{"href":"https:\/\/hoteljanne.lv\/de\/wp-json\/wp\/v2\/pages"}],"about":[{"href":"https:\/\/hoteljanne.lv\/de\/wp-json\/wp\/v2\/types\/page"}],"author":[{"embeddable":true,"href":"https:\/\/hoteljanne.lv\/de\/wp-json\/wp\/v2\/users\/4"}],"replies":[{"embeddable":true,"href":"https:\/\/hoteljanne.lv\/de\/wp-json\/wp\/v2\/comments?post=333"}],"version-history":[{"count":10,"href":"https:\/\/hoteljanne.lv\/de\/wp-json\/wp\/v2\/pages\/333\/revisions"}],"predecessor-version":[{"id":381,"href":"https:\/\/hoteljanne.lv\/de\/wp-json\/wp\/v2\/pages\/333\/revisions\/381"}],"wp:attachment":[{"href":"https:\/\/hoteljanne.lv\/de\/wp-json\/wp\/v2\/media?parent=333"}],"curies":[{"name":"wp","href":"https:\/\/api.w.org\/{rel}","templated":true}]}}