{"id":374,"date":"2019-04-12T11:52:33","date_gmt":"2019-04-12T11:52:33","guid":{"rendered":"http:\/\/hoteljanne.lv\/en\/?page_id=374"},"modified":"2024-12-10T13:46:04","modified_gmt":"2024-12-10T13:46:04","slug":"cooperation-partners","status":"publish","type":"page","link":"https:\/\/hoteljanne.lv\/en\/cooperation-partners\/","title":{"rendered":"Cooperation partners"},"content":{"rendered":"\n\t\t\t\t<a href=\"https:\/\/www.airbaltic.com\/en-LV\/index\" target=\"_blank\" rel=\"noopener\" itemprop=\"url\">\n\t\t\t\t<img decoding=\"async\" src=\"http:\/\/hoteljanne.lv\/en\/wp-content\/uploads\/sites\/2\/2019\/04\/airbaltic-logo_jpg.jpg\" alt=\"airbaltic-logo_jpg\" itemprop=\"image\" title=\"airbaltic-logo_jpg\" onerror=\"this.style.display='none'\"  \/>\n\t\t\t\t<\/a>\n\t<p>For comfortable and safe flights &#8211; choose airBaltic!<\/p>\n\t\t\t\t<a href=\"https:\/\/redcab.lv\/redcab-taxi\/?lang=en\" target=\"_blank\" rel=\"noopener\" itemprop=\"url\">\n\t\t\t\t<img decoding=\"async\" src=\"http:\/\/hoteljanne.lv\/en\/wp-content\/uploads\/sites\/2\/2019\/05\/redcab_logo_bilde.jpg\" alt=\"redcab_logo_bilde\" itemprop=\"image\" title=\"redcab_logo_bilde\" onerror=\"this.style.display='none'\"  \/>\n\t\t\t\t<\/a>\n\t<p>Red Cab &#8211; safe and reliable taxi 24 hours a day!<\/p>\n\t<hr \/>\n<p>&nbsp;<\/p>\n\t\t\t\t<a href=\"http:\/\/www.academicguesthouse.com\/\" target=\"_blank\" rel=\"noopener\" itemprop=\"url\">\n\t\t\t\t<img decoding=\"async\" src=\"http:\/\/hoteljanne.lv\/en\/wp-content\/uploads\/sites\/2\/2019\/04\/RAGH-logo.gif\" alt=\"RAGH logo\" itemprop=\"image\" title=\"RAGH logo\" onerror=\"this.style.display='none'\"  \/>\n\t\t\t\t<\/a>\n\t<p>Are you a student? Find cosy apartments in Riga Academic Guest House!<\/p>\n\t\t\t\t<a href=\"https:\/\/www.tripadvisor.com\/Hotel_Review-g274967-d6982176-Reviews-Hotel_Janne-Riga_Riga_Region.html\" target=\"_blank\" rel=\"noopener\" itemprop=\"url\">\n\t\t\t\t<img decoding=\"async\" src=\"http:\/\/hoteljanne.lv\/en\/wp-content\/uploads\/sites\/2\/2020\/08\/TC_2020_L_GREEN_BG_RGB-255x300.png\" alt=\"TC_2020_L_GREEN_BG_RGB\" itemprop=\"image\" title=\"TC_2020_L_GREEN_BG_RGB\" onerror=\"this.style.display='none'\"  \/>\n\t\t\t\t<\/a>\n\t<p>TripAdvisor travellers choose Hotel Janne!<\/p>\n\t<hr \/>\n<p>&nbsp;<\/p>\n\t\t\t\t<a href=\"http:\/\/strops.lv\/\" target=\"_blank\" rel=\"noopener\" itemprop=\"url\">\n\t\t\t\t<img decoding=\"async\" src=\"http:\/\/hoteljanne.lv\/en\/wp-content\/uploads\/sites\/2\/2019\/04\/bi\u0161kop\u012bbas_biedr\u012bba.jpg\" alt=\"bi\u0161kop\u012bbas_biedr\u012bba\" itemprop=\"image\" title=\"bi\u0161kop\u012bbas_biedr\u012bba\" onerror=\"this.style.display='none'\"  \/>\n\t\t\t\t<\/a>\n\t<p>Latvian Beekeepers Association &#8211; supports urban beekeeping!<\/p>\n\t\t\t\t<a href=\"https:\/\/www.davanusala.lv\/lv\/s\/3198-hotel-janne\" target=\"_blank\" rel=\"noopener\" itemprop=\"url\">\n\t\t\t\t<img decoding=\"async\" src=\"http:\/\/hoteljanne.lv\/en\/wp-content\/uploads\/sites\/2\/2022\/12\/DavanuSala.png\" alt=\"DavanuSala\" itemprop=\"image\" title=\"DavanuSala\" onerror=\"this.style.display='none'\"  \/>\n\t\t\t\t<\/a>\n\t<p>Great gift cards in one place!<\/p>\n\t<hr \/>\n<p>&nbsp;<\/p>\n\t\t\t\t<a href=\"https:\/\/www.etsy.com\/shop\/Marumakids\" target=\"_blank\" rel=\"noopener\" itemprop=\"url\">\n\t\t\t\t<img decoding=\"async\" src=\"http:\/\/hoteljanne.lv\/en\/wp-content\/uploads\/sites\/2\/2019\/04\/marumakids_logo.png\" alt=\"marumakids_logo\" itemprop=\"image\" title=\"marumakids_logo\" onerror=\"this.style.display='none'\"  \/>\n\t\t\t\t<\/a>\n\t<p>Marumakids &#8211; kids clothing for every day and special occasions!<\/p>\n\t\t\t\t<a href=\"http:\/\/dollart.lv\/en\" target=\"_blank\" rel=\"noopener\" itemprop=\"url\">\n\t\t\t\t<img decoding=\"async\" src=\"http:\/\/hoteljanne.lv\/en\/wp-content\/uploads\/sites\/2\/2019\/04\/Muzejs_logo_BW.jpg\" alt=\"Muzejs_logo_BW_c\" itemprop=\"image\" title=\"Muzejs_logo_BW_c\" onerror=\"this.style.display='none'\"  \/>\n\t\t\t\t<\/a>\n\t<p>Fun for big and small &#8211; Latvian Dolls Art Museum exhibitions!<\/p>\n\t<hr \/>\n<p>&nbsp;<\/p>\n\t\t\t\t<a href=\"https:\/\/www.traveller.ee\/\" target=\"_blank\" rel=\"noopener\" itemprop=\"url\">\n\t\t\t\t<img decoding=\"async\" src=\"http:\/\/hoteljanne.lv\/en\/wp-content\/uploads\/sites\/2\/2019\/04\/Traveller-Tours.png\" alt=\"Traveller Tours\" itemprop=\"image\" title=\"Traveller Tours\" onerror=\"this.style.display='none'\"  \/>\n\t\t\t\t<\/a>\n\t<p>Love exploring? Try one of the tours from Traveller Tours!<\/p>\n\t\t\t\t<a href=\"https:\/\/www.viesnicupreces.lv\/en\/home\/\" target=\"_blank\" rel=\"noopener\" itemprop=\"url\">\n\t\t\t\t<img decoding=\"async\" src=\"http:\/\/hoteljanne.lv\/en\/wp-content\/uploads\/sites\/2\/2019\/04\/Aviro.jpg\" alt=\"Aviro\" itemprop=\"image\" title=\"Aviro\" onerror=\"this.style.display='none'\"  \/>\n\t\t\t\t<\/a>\n\t<p>Janne uses quality hotel products from Aviro!\u00a0 <\/p>\n\t<hr \/>\n<p>&nbsp;<\/p>\n\t\t\t\t<a href=\"http:\/\/www.cfca.lv\/en\" target=\"_blank\" rel=\"noopener\" itemprop=\"url\">\n\t\t\t\t<img decoding=\"async\" src=\"http:\/\/hoteljanne.lv\/en\/wp-content\/uploads\/sites\/2\/2019\/04\/CFCA.jpg\" alt=\"CFCA\" itemprop=\"image\" title=\"CFCA\" onerror=\"this.style.display='none'\"  \/>\n\t\t\t\t<\/a>\n\t<p>Cat Fanciers Club Association recommends pet-friendly hotel! <\/p>\n\t\t\t\t<a href=\"http:\/\/www.miegacentrs.lv\/lv\" target=\"_blank\" rel=\"noopener\" itemprop=\"url\">\n\t\t\t\t<img decoding=\"async\" src=\"http:\/\/hoteljanne.lv\/en\/wp-content\/uploads\/sites\/2\/2019\/04\/Miega-centrs.png\" alt=\"Miega centrs\" itemprop=\"image\" title=\"Miega centrs\" onerror=\"this.style.display='none'\"  \/>\n\t\t\t\t<\/a>\nSleep Disease Center &#8211; for fulfilling and active life without sleep apnea!\n\t<hr \/>\n<p>&nbsp;<\/p>\n\t\t\t\t<a href=\"http:\/\/turiba.lv\/en\/\" target=\"_blank\" rel=\"noopener\" itemprop=\"url\">\n\t\t\t\t<img decoding=\"async\" src=\"http:\/\/hoteljanne.lv\/en\/wp-content\/uploads\/sites\/2\/2019\/04\/TURIBA_logo_horiz_ENG.png\" alt=\"TURIBA_logo_horiz_ENG\" itemprop=\"image\" title=\"TURIBA_logo_horiz_ENG\" onerror=\"this.style.display='none'\"  \/>\n\t\t\t\t<\/a>\n\t<p>Turiba Univerisity &#8211; biggest private University in Baltics!<\/p>\n\t\t\t\t<a href=\"https:\/\/mcollege.eu\/business-administration-riga-management-college\" target=\"_blank\" rel=\"noopener\" itemprop=\"url\">\n\t\t\t\t<img decoding=\"async\" src=\"http:\/\/hoteljanne.lv\/en\/wp-content\/uploads\/sites\/2\/2022\/12\/rmc_logo_en_l_nobg_small-150x150.png\" alt=\"rmc_logo_en_l_nobg_small\" itemprop=\"image\" title=\"rmc_logo_en_l_nobg_small\" onerror=\"this.style.display='none'\"  \/>\n\t\t\t\t<\/a>\n<p>Short-cycle higher professional education program in only 2.5 years.<\/p>\n\t<hr \/>\n<p>&nbsp;<\/p>\n\t\t\t\t<a href=\"https:\/\/tsi.lv\/\" target=\"_blank\" rel=\"noopener\" itemprop=\"url\">\n\t\t\t\t<img decoding=\"async\" src=\"http:\/\/hoteljanne.lv\/en\/wp-content\/uploads\/sites\/2\/2024\/12\/tsi_logo_en_blue.jpg\" alt=\"tsi_logo_en_blue\" itemprop=\"image\" title=\"tsi_logo_en_blue\" onerror=\"this.style.display='none'\"  \/>\n\t\t\t\t<\/a>\n\t<p>Study at the Best Private Technical University in Latvia!<\/p>\n\t\t\t\t<a href=\"https:\/\/www.facebook.com\/volvolatvia\/\" target=\"_blank\" rel=\"noopener\" itemprop=\"url\">\n\t\t\t\t<img decoding=\"async\" src=\"http:\/\/hoteljanne.lv\/en\/wp-content\/uploads\/sites\/2\/2019\/04\/Volvo.jpg\" alt=\"Volvo\" itemprop=\"image\" title=\"Volvo\" onerror=\"this.style.display='none'\"  \/>\n\t\t\t\t<\/a>\n\t<p>All Latvian Volvo association roads lead to Janne!<\/p>\n\t<hr \/>\n<p>&nbsp;<\/p>\n\t\t\t\t<a href=\"https:\/\/www.latviafreetours.com\/\" target=\"_blank\" rel=\"noopener\" itemprop=\"url\">\n\t\t\t\t<img decoding=\"async\" src=\"http:\/\/hoteljanne.lv\/en\/wp-content\/uploads\/sites\/2\/2023\/01\/freetours.jpg\" alt=\"freetours\" itemprop=\"image\" title=\"freetours\" onerror=\"this.style.display='none'\"  \/>\n\t\t\t\t<\/a>\n\t<p>Come and join the informative and joyful tours with Latvia Free Tours!<\/p>\n\t\t\t\t<a href=\"https:\/\/wolt.com\/\" target=\"_blank\" rel=\"noopener\" itemprop=\"url\">\n\t\t\t\t<img decoding=\"async\" src=\"http:\/\/hoteljanne.lv\/en\/wp-content\/uploads\/sites\/2\/2019\/04\/wolt.jpg\" alt=\"wolt\" itemprop=\"image\" title=\"wolt\" onerror=\"this.style.display='none'\"  \/>\n\t\t\t\t<\/a>\n\t<p>Hungry? Wolt! Find tastiest ideas for a meal in Riga.<\/p>\n\t<hr \/>\n<p>&nbsp;<\/p>\n","protected":false},"excerpt":{"rendered":"<p>For comfortable and safe flights &#8211; choose airBaltic! Red Cab &#8211; safe and reliable taxi 24 hours a day! &nbsp; Are you a student? Find <\/p>\n<p><a href=\"https:\/\/hoteljanne.lv\/en\/cooperation-partners\/\" class=\"button2\">Read More &raquo;<\/a><\/p>\n","protected":false},"author":4,"featured_media":0,"parent":0,"menu_order":0,"comment_status":"closed","ping_status":"closed","template":"","meta":{"footnotes":""},"class_list":["post-374","page","type-page","status-publish","hentry"],"aioseo_notices":[],"_links":{"self":[{"href":"https:\/\/hoteljanne.lv\/en\/wp-json\/wp\/v2\/pages\/374","targetHints":{"allow":["GET"]}}],"collection":[{"href":"https:\/\/hoteljanne.lv\/en\/wp-json\/wp\/v2\/pages"}],"about":[{"href":"https:\/\/hoteljanne.lv\/en\/wp-json\/wp\/v2\/types\/page"}],"author":[{"embeddable":true,"href":"https:\/\/hoteljanne.lv\/en\/wp-json\/wp\/v2\/users\/4"}],"replies":[{"embeddable":true,"href":"https:\/\/hoteljanne.lv\/en\/wp-json\/wp\/v2\/comments?post=374"}],"version-history":[{"count":24,"href":"https:\/\/hoteljanne.lv\/en\/wp-json\/wp\/v2\/pages\/374\/revisions"}],"predecessor-version":[{"id":594,"href":"https:\/\/hoteljanne.lv\/en\/wp-json\/wp\/v2\/pages\/374\/revisions\/594"}],"wp:attachment":[{"href":"https:\/\/hoteljanne.lv\/en\/wp-json\/wp\/v2\/media?parent=374"}],"curies":[{"name":"wp","href":"https:\/\/api.w.org\/{rel}","templated":true}]}}