{"id":212,"date":"2019-04-12T11:53:35","date_gmt":"2019-04-12T11:53:35","guid":{"rendered":"http:\/\/hoteljanne.lv\/ru\/?page_id=212"},"modified":"2024-12-10T13:45:28","modified_gmt":"2024-12-10T13:45:28","slug":"%d0%bf%d0%b0%d1%80%d1%82%d0%bd%d0%b5%d1%80%d1%8b-%d0%bf%d0%be-%d1%81%d0%be%d1%82%d1%80%d1%83%d0%b4%d0%bd%d0%b8%d1%87%d0%b5%d1%81%d1%82%d0%b2%d1%83","status":"publish","type":"page","link":"https:\/\/hoteljanne.lv\/ru\/%d0%bf%d0%b0%d1%80%d1%82%d0%bd%d0%b5%d1%80%d1%8b-%d0%bf%d0%be-%d1%81%d0%be%d1%82%d1%80%d1%83%d0%b4%d0%bd%d0%b8%d1%87%d0%b5%d1%81%d1%82%d0%b2%d1%83\/","title":{"rendered":"\u041f\u0430\u0440\u0442\u043d\u0435\u0440\u044b \u043f\u043e \u0441\u043e\u0442\u0440\u0443\u0434\u043d\u0438\u0447\u0435\u0441\u0442\u0432\u0443"},"content":{"rendered":"\n\t\t\t\t<a href=\"https:\/\/www.airbaltic.com\/ru-LV\/index\" target=\"_blank\" rel=\"noopener\" itemprop=\"url\">\n\t\t\t\t<img decoding=\"async\" src=\"http:\/\/hoteljanne.lv\/ru\/wp-content\/uploads\/sites\/3\/2019\/04\/airbaltic-logo_jpg.jpg\" alt=\"airbaltic-logo_jpg\" itemprop=\"image\" title=\"airbaltic-logo_jpg\" onerror=\"this.style.display='none'\"  \/>\n\t\t\t\t<\/a>\n\t<p>\u0414\u043b\u044f \u043a\u043e\u043c\u0444\u043e\u0440\u0442\u043d\u044b\u0445 \u0438 \u0431\u0435\u0437\u043e\u043f\u0430\u0441\u043d\u044b\u0445 \u043f\u043e\u043b\u0435\u0442\u043e\u0432 &#8212; \u0432\u044b\u0431\u0438\u0440\u0430\u0439\u0442\u0435 airBaltic!<\/p>\n\t\t\t\t<a href=\"https:\/\/redcab.lv\/redcab-%D1%82%D0%B0%D1%85%D0%B8\/?lang=ru\" target=\"_blank\" rel=\"noopener\" itemprop=\"url\">\n\t\t\t\t<img decoding=\"async\" src=\"http:\/\/hoteljanne.lv\/ru\/wp-content\/uploads\/sites\/3\/2019\/05\/redcab_logo_bilde.jpg\" alt=\"redcab_logo_bilde\" itemprop=\"image\" title=\"redcab_logo_bilde\" onerror=\"this.style.display='none'\"  \/>\n\t\t\t\t<\/a>\n\t<p>Red Cab &#8212; \u0431\u0435\u0437\u043e\u043f\u0430\u0441\u043d\u043e\u0435 \u0438 \u043d\u0430\u0434\u0435\u0436\u043d\u043e\u0435 \u0442\u0430\u043a\u0441\u0438 24 \u0447\u0430\u0441\u0430 \u0432 \u0441\u0443\u0442\u043a\u0438!<\/p>\n\t<hr \/>\n<p>&nbsp;<\/p>\n\t\t\t\t<a href=\"http:\/\/www.academicguesthouse.com\/\" target=\"_blank\" rel=\"noopener\" itemprop=\"url\">\n\t\t\t\t<img decoding=\"async\" src=\"http:\/\/hoteljanne.lv\/ru\/wp-content\/uploads\/sites\/3\/2019\/04\/RAGH-logo.gif\" alt=\"RAGH logo\" itemprop=\"image\" title=\"RAGH logo\" onerror=\"this.style.display='none'\"  \/>\n\t\t\t\t<\/a>\n\t<p>\u0412\u044b \u0441\u0442\u0443\u0434\u0435\u043d\u0442? \u0412\u0430\u0441 \u0436\u0434\u0443\u0442 \u0443\u044e\u0442\u043d\u044b\u0435 \u0430\u043f\u0430\u0440\u0442\u0430\u043c\u0435\u043d\u0442\u044b \u0432 Riga Academic Guest House!<\/p>\n\t\t\t\t<a href=\"https:\/\/www.tripadvisor.com\/Hotel_Review-g274967-d6982176-Reviews-Hotel_Janne-Riga_Riga_Region.html\" target=\"_blank\" rel=\"noopener\" itemprop=\"url\">\n\t\t\t\t<img decoding=\"async\" src=\"http:\/\/hoteljanne.lv\/ru\/wp-content\/uploads\/sites\/3\/2020\/08\/TC_2020_L_GREEN_BG_RGB-255x300.png\" alt=\"TC_2020_L_GREEN_BG_RGB\" itemprop=\"image\" title=\"TC_2020_L_GREEN_BG_RGB\" onerror=\"this.style.display='none'\"  \/>\n\t\t\t\t<\/a>\n\t<p>\u041f\u0443\u0442\u0435\u0448\u0435\u0441\u0442\u0432\u0435\u043d\u043d\u0438\u043a\u0438 TripAdvisor \u0432\u044b\u0431\u0438\u0440\u0430\u044e\u0442 \u043e\u0442\u0435\u043b\u044c Janne!<\/p>\n\t<hr \/>\n<p>&nbsp;<\/p>\n\t\t\t\t<a href=\"http:\/\/strops.lv\/\" target=\"_blank\" rel=\"noopener\" itemprop=\"url\">\n\t\t\t\t<img decoding=\"async\" src=\"http:\/\/hoteljanne.lv\/ru\/wp-content\/uploads\/sites\/3\/2019\/04\/bi\u0161kop\u012bbas_biedr\u012bba.jpg\" alt=\"bi\u0161kop\u012bbas_biedr\u012bba\" itemprop=\"image\" title=\"bi\u0161kop\u012bbas_biedr\u012bba\" onerror=\"this.style.display='none'\"  \/>\n\t\t\t\t<\/a>\n\t<p>\u0410\u0441\u0441\u043e\u0446\u0438\u0430\u0446\u0438\u044f \u043f\u0447\u0435\u043b\u043e\u0432\u043e\u0434\u043e\u0432 \u041b\u0430\u0442\u0432\u0438\u0438 &#8212; \u043f\u043e\u0434\u0434\u0435\u0440\u0436\u0438\u0432\u0430\u0435\u0442 \u0433\u043e\u0440\u043e\u0434\u0441\u043a\u043e\u0435 \u043f\u0447\u0435\u043b\u043e\u0432\u043e\u0434\u0441\u0442\u0432\u043e!<\/p>\n\t\t\t\t<a href=\"https:\/\/www.davanusala.lv\/ru\/s\/3198-hotel-janne\" target=\"_blank\" rel=\"noopener\" itemprop=\"url\">\n\t\t\t\t<img decoding=\"async\" src=\"http:\/\/hoteljanne.lv\/ru\/wp-content\/uploads\/sites\/3\/2022\/12\/DavanuSala.png\" alt=\"DavanuSala\" itemprop=\"image\" title=\"DavanuSala\" onerror=\"this.style.display='none'\"  \/>\n\t\t\t\t<\/a>\n\t<p>\u041b\u0443\u0447\u0448\u0438\u0435 \u043f\u043e\u0434\u0430\u0440\u043e\u0447\u043d\u044b\u0435 \u043a\u0430\u0440\u0442\u044b \u0432 \u043e\u0434\u043d\u043e\u043c \u043c\u0435\u0441\u0442\u0435!<\/p>\n\t<hr \/>\n<p>&nbsp;<\/p>\n\t\t\t\t<a href=\"https:\/\/www.etsy.com\/shop\/Marumakids\" target=\"_blank\" rel=\"noopener\" itemprop=\"url\">\n\t\t\t\t<img decoding=\"async\" src=\"http:\/\/hoteljanne.lv\/ru\/wp-content\/uploads\/sites\/3\/2019\/04\/marumakids_logo.png\" alt=\"marumakids_logo\" itemprop=\"image\" title=\"marumakids_logo\" onerror=\"this.style.display='none'\"  \/>\n\t\t\t\t<\/a>\n\t<p>Marumakids &#8212; \u0434\u0435\u0442\u0441\u043a\u0430\u044f \u043e\u0434\u0435\u0436\u0434\u0430 \u043d\u0430 \u043a\u0430\u0436\u0434\u044b\u0439 \u0434\u0435\u043d\u044c \u0438 \u0434\u043b\u044f \u043e\u0441\u043e\u0431\u044b\u0445 \u0441\u043b\u0443\u0447\u0430\u0435\u0432!<\/p>\n\t\t\t\t<a href=\"http:\/\/dollart.lv\/ru\" target=\"_blank\" rel=\"noopener\" itemprop=\"url\">\n\t\t\t\t<img decoding=\"async\" src=\"http:\/\/hoteljanne.lv\/ru\/wp-content\/uploads\/sites\/3\/2019\/04\/Muzejs_logo_BW.jpg\" alt=\"Muzejs_logo_BW_c\" itemprop=\"image\" title=\"Muzejs_logo_BW_c\" onerror=\"this.style.display='none'\"  \/>\n\t\t\t\t<\/a>\n\t<p>\u0421\u043b\u0435\u0434\u0443\u0439\u0442\u0435 \u0437\u0430 \u043f\u0435\u0440\u0435\u0434\u0432\u0438\u0436\u043d\u044b\u043c\u0438 \u0432\u044b\u0441\u0442\u0430\u0432\u043a\u0430\u043c\u0438 \u041c\u0443\u0437\u0435\u044f \u043a\u0443\u043a\u043e\u043b\u044c\u043d\u043e\u0433\u043e \u0438\u0441\u043a\u0443\u0441\u0441\u0442\u0432\u0430 \u0432 \u041b\u0430\u0442\u0432\u0438\u0438 \u0438 \u0415\u0432\u0440\u043e\u043f\u0435.<\/p>\n\t<hr \/>\n<p>&nbsp;<\/p>\n\t\t\t\t<a href=\"https:\/\/www.traveller.ee\/\" target=\"_blank\" rel=\"noopener\" itemprop=\"url\">\n\t\t\t\t<img decoding=\"async\" src=\"http:\/\/hoteljanne.lv\/ru\/wp-content\/uploads\/sites\/3\/2019\/04\/Traveller-Tours.png\" alt=\"Traveller Tours\" itemprop=\"image\" title=\"Traveller Tours\" onerror=\"this.style.display='none'\"  \/>\n\t\t\t\t<\/a>\n\t<p>\u041b\u044e\u0431\u0438\u0448\u044c \u043f\u0443\u0442\u0435\u0448\u0435\u0441\u0442\u0432\u043e\u0432\u0430\u0442\u044c? \u041f\u0440\u0438\u0433\u043b\u0430\u0448\u0430\u0435\u043c \u0432 \u043b\u044e\u0431\u043e\u0439 \u0438\u0437 \u0442\u0443\u0440\u043e\u0432 \u043e\u0442 Traveller Tours!<\/p>\n\t\t\t\t<a href=\"https:\/\/viesnicupreces.lv\/ru\/glavnaja\/\" target=\"_blank\" rel=\"noopener\" itemprop=\"url\">\n\t\t\t\t<img decoding=\"async\" src=\"http:\/\/hoteljanne.lv\/ru\/wp-content\/uploads\/sites\/3\/2019\/04\/Aviro.jpg\" alt=\"Aviro\" itemprop=\"image\" title=\"Aviro\" onerror=\"this.style.display='none'\"  \/>\n\t\t\t\t<\/a>\n\t<p>Janne \u0432\u044b\u0431\u0438\u0440\u0430\u0435\u0442 \u043a\u0430\u0447\u0435\u0441\u0442\u0432\u0435\u043d\u043d\u044b\u0435 \u0442\u043e\u0432\u0430\u0440\u044b \u0434\u043b\u044f \u0433\u043e\u0441\u0442\u0438\u043d\u043d\u0438\u0446 \u043e\u0442 Aviro!<\/p>\n\t<hr \/>\n<p>&nbsp;<\/p>\n\t\t\t\t<a href=\"http:\/\/www.cfca.lv\/ru\" target=\"_blank\" rel=\"noopener\" itemprop=\"url\">\n\t\t\t\t<img decoding=\"async\" src=\"http:\/\/hoteljanne.lv\/ru\/wp-content\/uploads\/sites\/3\/2019\/04\/CFCA.jpg\" alt=\"CFCA\" itemprop=\"image\" title=\"CFCA\" onerror=\"this.style.display='none'\"  \/>\n\t\t\t\t<\/a>\n\t<p>\u0410\u0441\u0441\u043e\u0446\u0438\u0430\u0446\u0438\u044f \u041a\u043b\u0443\u0431\u043e\u0432 \u041b\u044e\u0431\u0438\u0442\u0435\u043b\u0435\u0439 \u041a\u043e\u0448\u0435\u043a (CFCA) \u0440\u0435\u043a\u043e\u043c\u0435\u043d\u0434\u0443\u0435\u0442 \u0440\u0430\u0437\u043c\u0435\u0449\u0435\u043d\u0438\u0435 \u0441 \u0434\u043e\u043c\u0430\u0448\u043d\u0438\u043c\u0438 \u0436\u0438\u0432\u043e\u0442\u043d\u044b\u043c\u0438!<\/p>\n\t\t\t\t<a href=\"http:\/\/www.miegacentrs.lv\/ru\" target=\"_blank\" rel=\"noopener\" itemprop=\"url\">\n\t\t\t\t<img decoding=\"async\" src=\"http:\/\/hoteljanne.lv\/ru\/wp-content\/uploads\/sites\/3\/2019\/04\/Miega-centrs.png\" alt=\"Miega centrs\" itemprop=\"image\" title=\"Miega centrs\" onerror=\"this.style.display='none'\"  \/>\n\t\t\t\t<\/a>\n\t<p>\u201dMiega slim\u012bbu centrs\u201d \u0437\u0430 \u043f\u043e\u043b\u043d\u043e\u0446\u0435\u043d\u043d\u0443\u044e \u0438 \u0430\u043a\u0442\u0438\u0432\u043d\u0443\u044e \u0436\u0438\u0437\u043d\u044c \u0431\u0435\u0437 \u0430\u043f\u043d\u043e\u044d \u0441\u043d\u0430!<\/p>\n\t<hr \/>\n<p>&nbsp;<\/p>\n\t\t\t\t<a href=\"http:\/\/turiba.lv\/ru\/\" target=\"_blank\" rel=\"noopener\" itemprop=\"url\">\n\t\t\t\t<img decoding=\"async\" src=\"http:\/\/hoteljanne.lv\/ru\/wp-content\/uploads\/sites\/3\/2019\/04\/TURIBA_logo_horiz_ENG-300x161.png\" alt=\"TURIBA_logo_horiz_ENG\" itemprop=\"image\" title=\"TURIBA_logo_horiz_ENG\" onerror=\"this.style.display='none'\"  \/>\n\t\t\t\t<\/a>\n\t<p>\u0423\u043d\u0438\u0432\u0435\u0440\u0441\u0438\u0442\u0435\u0442 Turiba &#8212; \u043a\u0440\u0443\u043f\u043d\u0435\u0439\u0448\u0438\u0439 \u0447\u0430\u0441\u0442\u043d\u044b\u0439 \u0443\u043d\u0438\u0432\u0435\u0440\u0441\u0438\u0442\u0435\u0442 \u0432 \u041f\u0440\u0438\u0431\u0430\u043b\u0442\u0438\u043a\u0435!<\/p>\n\t\t\t\t<a href=\"https:\/\/mcollege.eu\/\" target=\"_blank\" rel=\"noopener\" itemprop=\"url\">\n\t\t\t\t<img decoding=\"async\" src=\"http:\/\/hoteljanne.lv\/ru\/wp-content\/uploads\/sites\/3\/2022\/12\/lv-logo-bez-fona1-296x300.png\" alt=\"lv-logo-bez-fona(1)\" itemprop=\"image\" title=\"lv-logo-bez-fona(1)\" onerror=\"this.style.display='none'\"  \/>\n\t\t\t\t<\/a>\n\t<p>\u041a\u0440\u0430\u0442\u043a\u043e\u0441\u0440\u043e\u0447\u043d\u0430\u044f \u043f\u0440\u043e\u0433\u0440\u0430\u043c\u043c\u0430 \u0432\u044b\u0441\u0448\u0435\u0433\u043e \u043f\u0440\u043e\u0444\u0435\u0441\u0441\u0438\u043e\u043d\u0430\u043b\u044c\u043d\u043e\u0433\u043e \u043e\u0431\u0440\u0430\u0437\u043e\u0432\u0430\u043d\u0438\u044f \u0432\u0441\u0435\u0433\u043e \u0437\u0430 2,5 \u0433\u043e\u0434\u0430.<\/p>\n\t<hr \/>\n<p>&nbsp;<\/p>\n\t\t\t\t<a href=\"https:\/\/tsi.lv\/ru\/\" target=\"_blank\" rel=\"noopener\" itemprop=\"url\">\n\t\t\t\t<img decoding=\"async\" src=\"http:\/\/hoteljanne.lv\/ru\/wp-content\/uploads\/sites\/3\/2024\/12\/tsi_logo_en_blue.jpg\" alt=\"tsi_logo_en_blue\" itemprop=\"image\" title=\"tsi_logo_en_blue\" onerror=\"this.style.display='none'\"  \/>\n\t\t\t\t<\/a>\n\t<p>\u0423\u0447\u0438\u0441\u044c \u0432 \u043b\u0443\u0447\u0448\u0435\u043c \u0447\u0430\u0441\u0442\u043d\u043e\u043c \u0442\u0435\u0445\u043d\u0438\u0447\u0435\u0441\u043a\u043e\u043c \u0432\u0443\u0437\u0435 \u0432 \u041b\u0430\u0442\u0432\u0438\u0438!<\/p>\n\t\t\t\t<a href=\"https:\/\/www.facebook.com\/volvolatvia\/\" target=\"_blank\" rel=\"noopener\" itemprop=\"url\">\n\t\t\t\t<img decoding=\"async\" src=\"http:\/\/hoteljanne.lv\/ru\/wp-content\/uploads\/sites\/3\/2019\/04\/Volvo.jpg\" alt=\"Volvo\" itemprop=\"image\" title=\"Volvo\" onerror=\"this.style.display='none'\"  \/>\n\t\t\t\t<\/a>\n\t<p>\u0412\u0441\u0435 \u0434\u043e\u0440\u043e\u0433\u0438 \u043b\u0430\u0442\u0432\u0438\u0439\u0441\u043a\u043e\u0439 \u0430\u0441\u0441\u043e\u0446\u0438\u0430\u0446\u0438\u0438 Volvo \u0432\u0435\u0434\u0443\u0442 \u043a Janne!<\/p>\n\t<hr \/>\n<p>&nbsp;<\/p>\n\t\t\t\t<a href=\"https:\/\/www.latviafreetours.com\/\" target=\"_blank\" rel=\"noopener\" itemprop=\"url\">\n\t\t\t\t<img decoding=\"async\" src=\"http:\/\/hoteljanne.lv\/ru\/wp-content\/uploads\/sites\/3\/2023\/01\/freetours.jpg\" alt=\"freetours\" itemprop=\"image\" title=\"freetours\" onerror=\"this.style.display='none'\"  \/>\n\t\t\t\t<\/a>\n\t<p>\u041f\u0440\u0438\u0441\u043e\u0435\u0434\u0438\u043d\u0438\u0442\u0435\u0441\u044c\u00a0\u043a \u043f\u043e\u0437\u043d\u0430\u0432\u0430\u0442\u0435\u043b\u044c\u043d\u044b\u043c\u00a0\u0438 \u0440\u0430\u0434\u043e\u0441\u0442\u043d\u044b\u043c \u044d\u043a\u0441\u043a\u0443\u0440\u0441\u0438\u044f\u043c\u00a0\u0441\u00a0Latvia free Tours!<\/p>\n\t\t\t\t<a href=\"https:\/\/wolt.com\/\" target=\"_blank\" rel=\"noopener\" itemprop=\"url\">\n\t\t\t\t<img decoding=\"async\" src=\"http:\/\/hoteljanne.lv\/ru\/wp-content\/uploads\/sites\/3\/2019\/04\/wolt.jpg\" alt=\"wolt\" itemprop=\"image\" title=\"wolt\" onerror=\"this.style.display='none'\"  \/>\n\t\t\t\t<\/a>\n\t<p>\u0413\u043e\u043b\u043e\u0434e\u043d? Wolt! \u041d\u0430\u0439\u0434\u0438 \u0441\u0430\u043c\u044b\u0435 \u0432\u043a\u0443\u0441\u043d\u044b\u0435 \u0438\u0434\u0435\u0438 \u0434\u043b\u044f \u0435\u0434\u044b \u0432 \u0420\u0438\u0433\u0435.<\/p>\n\t<hr \/>\n<p>&nbsp;<\/p>\n","protected":false},"excerpt":{"rendered":"<p>\u0414\u043b\u044f \u043a\u043e\u043c\u0444\u043e\u0440\u0442\u043d\u044b\u0445 \u0438 \u0431\u0435\u0437\u043e\u043f\u0430\u0441\u043d\u044b\u0445 \u043f\u043e\u043b\u0435\u0442\u043e\u0432 &#8212; \u0432\u044b\u0431\u0438\u0440\u0430\u0439\u0442\u0435 airBaltic! Red Cab &#8212; \u0431\u0435\u0437\u043e\u043f\u0430\u0441\u043d\u043e\u0435 \u0438 \u043d\u0430\u0434\u0435\u0436\u043d\u043e\u0435 \u0442\u0430\u043a\u0441\u0438 24 \u0447\u0430\u0441\u0430 \u0432 \u0441\u0443\u0442\u043a\u0438! &nbsp; \u0412\u044b \u0441\u0442\u0443\u0434\u0435\u043d\u0442? \u0412\u0430\u0441 \u0436\u0434\u0443\u0442 \u0443\u044e\u0442\u043d\u044b\u0435 <\/p>\n<p><a href=\"https:\/\/hoteljanne.lv\/ru\/%d0%bf%d0%b0%d1%80%d1%82%d0%bd%d0%b5%d1%80%d1%8b-%d0%bf%d0%be-%d1%81%d0%be%d1%82%d1%80%d1%83%d0%b4%d0%bd%d0%b8%d1%87%d0%b5%d1%81%d1%82%d0%b2%d1%83\/\" class=\"button2\">Read More &raquo;<\/a><\/p>\n","protected":false},"author":4,"featured_media":0,"parent":0,"menu_order":0,"comment_status":"closed","ping_status":"closed","template":"","meta":{"footnotes":""},"class_list":["post-212","page","type-page","status-publish","hentry"],"aioseo_notices":[],"_links":{"self":[{"href":"https:\/\/hoteljanne.lv\/ru\/wp-json\/wp\/v2\/pages\/212","targetHints":{"allow":["GET"]}}],"collection":[{"href":"https:\/\/hoteljanne.lv\/ru\/wp-json\/wp\/v2\/pages"}],"about":[{"href":"https:\/\/hoteljanne.lv\/ru\/wp-json\/wp\/v2\/types\/page"}],"author":[{"embeddable":true,"href":"https:\/\/hoteljanne.lv\/ru\/wp-json\/wp\/v2\/users\/4"}],"replies":[{"embeddable":true,"href":"https:\/\/hoteljanne.lv\/ru\/wp-json\/wp\/v2\/comments?post=212"}],"version-history":[{"count":22,"href":"https:\/\/hoteljanne.lv\/ru\/wp-json\/wp\/v2\/pages\/212\/revisions"}],"predecessor-version":[{"id":350,"href":"https:\/\/hoteljanne.lv\/ru\/wp-json\/wp\/v2\/pages\/212\/revisions\/350"}],"wp:attachment":[{"href":"https:\/\/hoteljanne.lv\/ru\/wp-json\/wp\/v2\/media?parent=212"}],"curies":[{"name":"wp","href":"https:\/\/api.w.org\/{rel}","templated":true}]}}